{"id":6,"date":"2018-07-16T14:51:05","date_gmt":"2018-07-16T12:51:05","guid":{"rendered":"http:\/\/lelavandehouse.com\/?page_id=6"},"modified":"2025-04-29T11:38:06","modified_gmt":"2025-04-29T09:38:06","slug":"homepage","status":"publish","type":"page","link":"https:\/\/www.lelavandehouse.com\/it\/","title":{"rendered":"Homepage"},"content":{"rendered":"<h2>Benvenuti a <span class=\"amatic\">\u2019Le Lavande\u2019<\/span><\/h2>\n<h1 class=\"text-uppercase\">Casa vacanze in toscana, a montespertoli (firenze)<\/h1>\n<hr \/>\n<p><em>Immersa nel paesaggio del Chianti, a pochi chilometri da Firenze, Le Lavande \u00e8 il luogo perfetto per la tua vacanza a contatto con la natura. Ideale per coppie, famiglie gruppi di amici, ma anche per chi viaggia in compagnia dei suoi amici animali.<\/em><\/p>\n<p>Da un antico fienile, oggi completamente ristrutturato, nasce la nostra casa vacanze rurale, completamente immersa nel verde, nel cuore della Toscana pi\u00f9 autentica. L\u2019edificio \u00e8 \u00e8 stato realizzato con tecnologie ecosostenibili e soluzioni energetiche interamente da fonti rinnovabili, perch\u00e9 vogliamo condividere con voi il nostro amore per la natura e l\u2019impegno che mettiamo ogni giorno per tutelare l\u2019ambiente.<\/p>\n<p>Le Lavande ama anche gli animali! Gli amici a quattro zampe di piccola e media taglia sono ben accetti. Siamo a Montespertoli, a pochi chilometri da Firenze, in un territorio ricco di storia, cultura e buon cibo, che abbraccia i paesaggi straordinari della Val di Pesa e del Chianti.<\/p>\n","protected":false},"excerpt":{"rendered":"<p>Benvenuti a \u2019Le Lavande\u2019 Casa vacanze in toscana, a montespertoli (firenze) Immersa nel paesaggio del Chianti, a pochi chilometri da Firenze, Le Lavande \u00e8 il luogo perfetto per la tua vacanza a contatto con la natura. Ideale per coppie, famiglie gruppi di amici, ma anche per chi viaggia in compagnia dei suoi amici animali. Da [&hellip;]<\/p>\n","protected":false},"author":1,"featured_media":0,"parent":0,"menu_order":0,"comment_status":"closed","ping_status":"closed","template":"templates-default\/tpl-front-page.php","meta":{"_exactmetrics_skip_tracking":false,"_exactmetrics_sitenote_active":false,"_exactmetrics_sitenote_note":"","_exactmetrics_sitenote_category":0,"footnotes":""},"class_list":["post-6","page","type-page","status-publish","hentry"],"yoast_head":"<!-- This site is optimized with the Yoast SEO plugin v25.0 - https:\/\/yoast.com\/wordpress\/plugins\/seo\/ -->\n<title>Le Lavande | Casa Vacanza Toscana Ecosostenibile | Montespertoli, Chianti<\/title>\n<meta name=\"description\" content=\"Benvenuti a Le Lavande, la Casa Vacanze in Toscana 100% ecosostenibile. Vi aspettiamo nella campagna di Montespertoli, tra Chianti e Val di Pesa, vicino Firenze\" \/>\n<meta name=\"robots\" content=\"index, follow, max-snippet:-1, max-image-preview:large, max-video-preview:-1\" \/>\n<link rel=\"canonical\" href=\"https:\/\/www.lelavandehouse.com\/it\/homepage\/\" \/>\n<meta property=\"og:locale\" content=\"it_IT\" \/>\n<meta property=\"og:type\" content=\"article\" \/>\n<meta property=\"og:title\" content=\"Le Lavande | Casa Vacanza Toscana Ecosostenibile | Montespertoli, Chianti\" \/>\n<meta property=\"og:description\" content=\"Benvenuti a Le Lavande, la Casa Vacanze in Toscana 100% ecosostenibile. Vi aspettiamo nella campagna di Montespertoli, tra Chianti e Val di Pesa, vicino Firenze\" \/>\n<meta property=\"og:url\" content=\"https:\/\/www.lelavandehouse.com\/it\/homepage\/\" \/>\n<meta property=\"og:site_name\" content=\"Le Lavande House\" \/>\n<meta property=\"article:modified_time\" content=\"2025-04-29T09:38:06+00:00\" \/>\n<meta name=\"twitter:card\" content=\"summary_large_image\" \/>\n<meta name=\"twitter:label1\" content=\"Tempo di lettura stimato\" \/>\n\t<meta name=\"twitter:data1\" content=\"1 minuto\" \/>\n<script type=\"application\/ld+json\" class=\"yoast-schema-graph\">{\"@context\":\"https:\/\/schema.org\",\"@graph\":[{\"@type\":\"WebPage\",\"@id\":\"https:\/\/www.lelavandehouse.com\/it\/homepage\/\",\"url\":\"https:\/\/www.lelavandehouse.com\/it\/homepage\/\",\"name\":\"Le Lavande | Casa Vacanza Toscana Ecosostenibile | Montespertoli, Chianti\",\"isPartOf\":{\"@id\":\"https:\/\/www.lelavandehouse.com\/#website\"},\"datePublished\":\"2018-07-16T12:51:05+00:00\",\"dateModified\":\"2025-04-29T09:38:06+00:00\",\"description\":\"Benvenuti a Le Lavande, la Casa Vacanze in Toscana 100% ecosostenibile. Vi aspettiamo nella campagna di Montespertoli, tra Chianti e Val di Pesa, vicino Firenze\",\"breadcrumb\":{\"@id\":\"https:\/\/www.lelavandehouse.com\/it\/homepage\/#breadcrumb\"},\"inLanguage\":\"it-IT\",\"potentialAction\":[{\"@type\":\"ReadAction\",\"target\":[\"https:\/\/www.lelavandehouse.com\/it\/homepage\/\"]}]},{\"@type\":\"BreadcrumbList\",\"@id\":\"https:\/\/www.lelavandehouse.com\/it\/homepage\/#breadcrumb\",\"itemListElement\":[{\"@type\":\"ListItem\",\"position\":1,\"name\":\"Home\",\"item\":\"https:\/\/www.lelavandehouse.com\/it\/homepage\/\"},{\"@type\":\"ListItem\",\"position\":2,\"name\":\"Homepage\"}]},{\"@type\":\"WebSite\",\"@id\":\"https:\/\/www.lelavandehouse.com\/#website\",\"url\":\"https:\/\/www.lelavandehouse.com\/\",\"name\":\"Le Lavande House\",\"description\":\"Un nuovo sito targato WordPress\",\"publisher\":{\"@id\":\"https:\/\/www.lelavandehouse.com\/#organization\"},\"potentialAction\":[{\"@type\":\"SearchAction\",\"target\":{\"@type\":\"EntryPoint\",\"urlTemplate\":\"https:\/\/www.lelavandehouse.com\/?s={search_term_string}\"},\"query-input\":{\"@type\":\"PropertyValueSpecification\",\"valueRequired\":true,\"valueName\":\"search_term_string\"}}],\"inLanguage\":\"it-IT\"},{\"@type\":\"Organization\",\"@id\":\"https:\/\/www.lelavandehouse.com\/#organization\",\"name\":\"Le Lavande House\",\"url\":\"https:\/\/www.lelavandehouse.com\/\",\"logo\":{\"@type\":\"ImageObject\",\"inLanguage\":\"it-IT\",\"@id\":\"https:\/\/www.lelavandehouse.com\/#\/schema\/logo\/image\/\",\"url\":\"https:\/\/www.lelavandehouse.com\/wp-content\/uploads\/2018\/07\/logo.png\",\"contentUrl\":\"https:\/\/www.lelavandehouse.com\/wp-content\/uploads\/2018\/07\/logo.png\",\"width\":267,\"height\":219,\"caption\":\"Le Lavande House\"},\"image\":{\"@id\":\"https:\/\/www.lelavandehouse.com\/#\/schema\/logo\/image\/\"}}]}<\/script>\n<!-- \/ Yoast SEO plugin. -->","yoast_head_json":{"title":"Le Lavande | Casa Vacanza Toscana Ecosostenibile | Montespertoli, Chianti","description":"Benvenuti a Le Lavande, la Casa Vacanze in Toscana 100% ecosostenibile. Vi aspettiamo nella campagna di Montespertoli, tra Chianti e Val di Pesa, vicino Firenze","robots":{"index":"index","follow":"follow","max-snippet":"max-snippet:-1","max-image-preview":"max-image-preview:large","max-video-preview":"max-video-preview:-1"},"canonical":"https:\/\/www.lelavandehouse.com\/it\/homepage\/","og_locale":"it_IT","og_type":"article","og_title":"Le Lavande | Casa Vacanza Toscana Ecosostenibile | Montespertoli, Chianti","og_description":"Benvenuti a Le Lavande, la Casa Vacanze in Toscana 100% ecosostenibile. Vi aspettiamo nella campagna di Montespertoli, tra Chianti e Val di Pesa, vicino Firenze","og_url":"https:\/\/www.lelavandehouse.com\/it\/homepage\/","og_site_name":"Le Lavande House","article_modified_time":"2025-04-29T09:38:06+00:00","twitter_card":"summary_large_image","twitter_misc":{"Tempo di lettura stimato":"1 minuto"},"schema":{"@context":"https:\/\/schema.org","@graph":[{"@type":"WebPage","@id":"https:\/\/www.lelavandehouse.com\/it\/homepage\/","url":"https:\/\/www.lelavandehouse.com\/it\/homepage\/","name":"Le Lavande | Casa Vacanza Toscana Ecosostenibile | Montespertoli, Chianti","isPartOf":{"@id":"https:\/\/www.lelavandehouse.com\/#website"},"datePublished":"2018-07-16T12:51:05+00:00","dateModified":"2025-04-29T09:38:06+00:00","description":"Benvenuti a Le Lavande, la Casa Vacanze in Toscana 100% ecosostenibile. Vi aspettiamo nella campagna di Montespertoli, tra Chianti e Val di Pesa, vicino Firenze","breadcrumb":{"@id":"https:\/\/www.lelavandehouse.com\/it\/homepage\/#breadcrumb"},"inLanguage":"it-IT","potentialAction":[{"@type":"ReadAction","target":["https:\/\/www.lelavandehouse.com\/it\/homepage\/"]}]},{"@type":"BreadcrumbList","@id":"https:\/\/www.lelavandehouse.com\/it\/homepage\/#breadcrumb","itemListElement":[{"@type":"ListItem","position":1,"name":"Home","item":"https:\/\/www.lelavandehouse.com\/it\/homepage\/"},{"@type":"ListItem","position":2,"name":"Homepage"}]},{"@type":"WebSite","@id":"https:\/\/www.lelavandehouse.com\/#website","url":"https:\/\/www.lelavandehouse.com\/","name":"Le Lavande House","description":"Un nuovo sito targato WordPress","publisher":{"@id":"https:\/\/www.lelavandehouse.com\/#organization"},"potentialAction":[{"@type":"SearchAction","target":{"@type":"EntryPoint","urlTemplate":"https:\/\/www.lelavandehouse.com\/?s={search_term_string}"},"query-input":{"@type":"PropertyValueSpecification","valueRequired":true,"valueName":"search_term_string"}}],"inLanguage":"it-IT"},{"@type":"Organization","@id":"https:\/\/www.lelavandehouse.com\/#organization","name":"Le Lavande House","url":"https:\/\/www.lelavandehouse.com\/","logo":{"@type":"ImageObject","inLanguage":"it-IT","@id":"https:\/\/www.lelavandehouse.com\/#\/schema\/logo\/image\/","url":"https:\/\/www.lelavandehouse.com\/wp-content\/uploads\/2018\/07\/logo.png","contentUrl":"https:\/\/www.lelavandehouse.com\/wp-content\/uploads\/2018\/07\/logo.png","width":267,"height":219,"caption":"Le Lavande House"},"image":{"@id":"https:\/\/www.lelavandehouse.com\/#\/schema\/logo\/image\/"}}]}},"_links":{"self":[{"href":"https:\/\/www.lelavandehouse.com\/it\/wp-json\/wp\/v2\/pages\/6","targetHints":{"allow":["GET"]}}],"collection":[{"href":"https:\/\/www.lelavandehouse.com\/it\/wp-json\/wp\/v2\/pages"}],"about":[{"href":"https:\/\/www.lelavandehouse.com\/it\/wp-json\/wp\/v2\/types\/page"}],"author":[{"embeddable":true,"href":"https:\/\/www.lelavandehouse.com\/it\/wp-json\/wp\/v2\/users\/1"}],"replies":[{"embeddable":true,"href":"https:\/\/www.lelavandehouse.com\/it\/wp-json\/wp\/v2\/comments?post=6"}],"version-history":[{"count":7,"href":"https:\/\/www.lelavandehouse.com\/it\/wp-json\/wp\/v2\/pages\/6\/revisions"}],"predecessor-version":[{"id":346,"href":"https:\/\/www.lelavandehouse.com\/it\/wp-json\/wp\/v2\/pages\/6\/revisions\/346"}],"wp:attachment":[{"href":"https:\/\/www.lelavandehouse.com\/it\/wp-json\/wp\/v2\/media?parent=6"}],"curies":[{"name":"wp","href":"https:\/\/api.w.org\/{rel}","templated":true}]}}