{"id":29,"date":"2018-07-16T15:00:04","date_gmt":"2018-07-16T13:00:04","guid":{"rendered":"http:\/\/lelavandehouse.com\/?page_id=29"},"modified":"2025-04-29T11:38:20","modified_gmt":"2025-04-29T09:38:20","slug":"la-struttura","status":"publish","type":"page","link":"https:\/\/www.lelavandehouse.com\/it\/la-struttura\/","title":{"rendered":"La struttura"},"content":{"rendered":"<h1>Un luogo perfetto per chi ama la <span class=\"amatic\">natura<\/span> e l&#8217;<span class=\"amatic\">ecologia<\/span><\/h1>\n<hr \/>\n<p>Vi accorgerete fin da subito che la casa vacanze &#8220;Le Lavande&#8221; non \u00e8 affatto come le altre, \u00e8 un posto speciale, dove l&#8217;impiego di tecnologie ecosostenibili \u00e8 servito a creare un luogo unico, per chi ama la natura e l&#8217;ambiente<\/p>\n","protected":false},"excerpt":{"rendered":"<p>Un luogo perfetto per chi ama la natura e l&#8217;ecologia Vi accorgerete fin da subito che la casa vacanze &#8220;Le Lavande&#8221; non \u00e8 affatto come le altre, \u00e8 un posto speciale, dove l&#8217;impiego di tecnologie ecosostenibili \u00e8 servito a creare un luogo unico, per chi ama la natura e l&#8217;ambiente<\/p>\n","protected":false},"author":1,"featured_media":377,"parent":0,"menu_order":0,"comment_status":"closed","ping_status":"closed","template":"templates-custom\/tpl-struttura.php","meta":{"_exactmetrics_skip_tracking":false,"_exactmetrics_sitenote_active":false,"_exactmetrics_sitenote_note":"","_exactmetrics_sitenote_category":0,"footnotes":""},"class_list":["post-29","page","type-page","status-publish","has-post-thumbnail","hentry"],"yoast_head":"<!-- This site is optimized with the Yoast SEO plugin v25.0 - https:\/\/yoast.com\/wordpress\/plugins\/seo\/ -->\n<title>Turismo green in Toscana, Farm house ecosostenibile nel Chianti<\/title>\n<meta name=\"description\" content=\"Le Lavande \u00e8 il luogo ideale per fare turismo green in Toscana, in una farm house 100% ecosostenibile immersa nelle verdi colline del Chianti, vicino Firenze\" \/>\n<meta name=\"robots\" content=\"index, follow, max-snippet:-1, max-image-preview:large, max-video-preview:-1\" \/>\n<link rel=\"canonical\" href=\"https:\/\/www.lelavandehouse.com\/it\/la-struttura\/\" \/>\n<meta property=\"og:locale\" content=\"it_IT\" \/>\n<meta property=\"og:type\" content=\"article\" \/>\n<meta property=\"og:title\" content=\"Turismo green in Toscana, Farm house ecosostenibile nel Chianti\" \/>\n<meta property=\"og:description\" content=\"Le Lavande \u00e8 il luogo ideale per fare turismo green in Toscana, in una farm house 100% ecosostenibile immersa nelle verdi colline del Chianti, vicino Firenze\" \/>\n<meta property=\"og:url\" content=\"https:\/\/www.lelavandehouse.com\/it\/la-struttura\/\" \/>\n<meta property=\"og:site_name\" content=\"Le Lavande House\" \/>\n<meta property=\"article:modified_time\" content=\"2025-04-29T09:38:20+00:00\" \/>\n<meta property=\"og:image\" content=\"https:\/\/www.lelavandehouse.com\/wp-content\/uploads\/2018\/07\/slider_lastruttura.jpg\" \/>\n\t<meta property=\"og:image:width\" content=\"1920\" \/>\n\t<meta property=\"og:image:height\" content=\"617\" \/>\n\t<meta property=\"og:image:type\" content=\"image\/jpeg\" \/>\n<meta name=\"twitter:card\" content=\"summary_large_image\" \/>\n<script type=\"application\/ld+json\" class=\"yoast-schema-graph\">{\"@context\":\"https:\/\/schema.org\",\"@graph\":[{\"@type\":\"WebPage\",\"@id\":\"https:\/\/www.lelavandehouse.com\/it\/la-struttura\/\",\"url\":\"https:\/\/www.lelavandehouse.com\/it\/la-struttura\/\",\"name\":\"Turismo green in Toscana, Farm house ecosostenibile nel Chianti\",\"isPartOf\":{\"@id\":\"https:\/\/www.lelavandehouse.com\/#website\"},\"primaryImageOfPage\":{\"@id\":\"https:\/\/www.lelavandehouse.com\/it\/la-struttura\/#primaryimage\"},\"image\":{\"@id\":\"https:\/\/www.lelavandehouse.com\/it\/la-struttura\/#primaryimage\"},\"thumbnailUrl\":\"https:\/\/www.lelavandehouse.com\/wp-content\/uploads\/2018\/07\/slider_lastruttura.jpg\",\"datePublished\":\"2018-07-16T13:00:04+00:00\",\"dateModified\":\"2025-04-29T09:38:20+00:00\",\"description\":\"Le Lavande \u00e8 il luogo ideale per fare turismo green in Toscana, in una farm house 100% ecosostenibile immersa nelle verdi colline del Chianti, vicino Firenze\",\"breadcrumb\":{\"@id\":\"https:\/\/www.lelavandehouse.com\/it\/la-struttura\/#breadcrumb\"},\"inLanguage\":\"it-IT\",\"potentialAction\":[{\"@type\":\"ReadAction\",\"target\":[\"https:\/\/www.lelavandehouse.com\/it\/la-struttura\/\"]}]},{\"@type\":\"ImageObject\",\"inLanguage\":\"it-IT\",\"@id\":\"https:\/\/www.lelavandehouse.com\/it\/la-struttura\/#primaryimage\",\"url\":\"https:\/\/www.lelavandehouse.com\/wp-content\/uploads\/2018\/07\/slider_lastruttura.jpg\",\"contentUrl\":\"https:\/\/www.lelavandehouse.com\/wp-content\/uploads\/2018\/07\/slider_lastruttura.jpg\",\"width\":1920,\"height\":617},{\"@type\":\"BreadcrumbList\",\"@id\":\"https:\/\/www.lelavandehouse.com\/it\/la-struttura\/#breadcrumb\",\"itemListElement\":[{\"@type\":\"ListItem\",\"position\":1,\"name\":\"Home\",\"item\":\"https:\/\/www.lelavandehouse.com\/it\/homepage\/\"},{\"@type\":\"ListItem\",\"position\":2,\"name\":\"La struttura\"}]},{\"@type\":\"WebSite\",\"@id\":\"https:\/\/www.lelavandehouse.com\/#website\",\"url\":\"https:\/\/www.lelavandehouse.com\/\",\"name\":\"Le Lavande House\",\"description\":\"Un nuovo sito targato WordPress\",\"publisher\":{\"@id\":\"https:\/\/www.lelavandehouse.com\/#organization\"},\"potentialAction\":[{\"@type\":\"SearchAction\",\"target\":{\"@type\":\"EntryPoint\",\"urlTemplate\":\"https:\/\/www.lelavandehouse.com\/?s={search_term_string}\"},\"query-input\":{\"@type\":\"PropertyValueSpecification\",\"valueRequired\":true,\"valueName\":\"search_term_string\"}}],\"inLanguage\":\"it-IT\"},{\"@type\":\"Organization\",\"@id\":\"https:\/\/www.lelavandehouse.com\/#organization\",\"name\":\"Le Lavande House\",\"url\":\"https:\/\/www.lelavandehouse.com\/\",\"logo\":{\"@type\":\"ImageObject\",\"inLanguage\":\"it-IT\",\"@id\":\"https:\/\/www.lelavandehouse.com\/#\/schema\/logo\/image\/\",\"url\":\"https:\/\/www.lelavandehouse.com\/wp-content\/uploads\/2018\/07\/logo.png\",\"contentUrl\":\"https:\/\/www.lelavandehouse.com\/wp-content\/uploads\/2018\/07\/logo.png\",\"width\":267,\"height\":219,\"caption\":\"Le Lavande House\"},\"image\":{\"@id\":\"https:\/\/www.lelavandehouse.com\/#\/schema\/logo\/image\/\"}}]}<\/script>\n<!-- \/ Yoast SEO plugin. -->","yoast_head_json":{"title":"Turismo green in Toscana, Farm house ecosostenibile nel Chianti","description":"Le Lavande \u00e8 il luogo ideale per fare turismo green in Toscana, in una farm house 100% ecosostenibile immersa nelle verdi colline del Chianti, vicino Firenze","robots":{"index":"index","follow":"follow","max-snippet":"max-snippet:-1","max-image-preview":"max-image-preview:large","max-video-preview":"max-video-preview:-1"},"canonical":"https:\/\/www.lelavandehouse.com\/it\/la-struttura\/","og_locale":"it_IT","og_type":"article","og_title":"Turismo green in Toscana, Farm house ecosostenibile nel Chianti","og_description":"Le Lavande \u00e8 il luogo ideale per fare turismo green in Toscana, in una farm house 100% ecosostenibile immersa nelle verdi colline del Chianti, vicino Firenze","og_url":"https:\/\/www.lelavandehouse.com\/it\/la-struttura\/","og_site_name":"Le Lavande House","article_modified_time":"2025-04-29T09:38:20+00:00","og_image":[{"width":1920,"height":617,"url":"https:\/\/www.lelavandehouse.com\/wp-content\/uploads\/2018\/07\/slider_lastruttura.jpg","type":"image\/jpeg"}],"twitter_card":"summary_large_image","schema":{"@context":"https:\/\/schema.org","@graph":[{"@type":"WebPage","@id":"https:\/\/www.lelavandehouse.com\/it\/la-struttura\/","url":"https:\/\/www.lelavandehouse.com\/it\/la-struttura\/","name":"Turismo green in Toscana, Farm house ecosostenibile nel Chianti","isPartOf":{"@id":"https:\/\/www.lelavandehouse.com\/#website"},"primaryImageOfPage":{"@id":"https:\/\/www.lelavandehouse.com\/it\/la-struttura\/#primaryimage"},"image":{"@id":"https:\/\/www.lelavandehouse.com\/it\/la-struttura\/#primaryimage"},"thumbnailUrl":"https:\/\/www.lelavandehouse.com\/wp-content\/uploads\/2018\/07\/slider_lastruttura.jpg","datePublished":"2018-07-16T13:00:04+00:00","dateModified":"2025-04-29T09:38:20+00:00","description":"Le Lavande \u00e8 il luogo ideale per fare turismo green in Toscana, in una farm house 100% ecosostenibile immersa nelle verdi colline del Chianti, vicino Firenze","breadcrumb":{"@id":"https:\/\/www.lelavandehouse.com\/it\/la-struttura\/#breadcrumb"},"inLanguage":"it-IT","potentialAction":[{"@type":"ReadAction","target":["https:\/\/www.lelavandehouse.com\/it\/la-struttura\/"]}]},{"@type":"ImageObject","inLanguage":"it-IT","@id":"https:\/\/www.lelavandehouse.com\/it\/la-struttura\/#primaryimage","url":"https:\/\/www.lelavandehouse.com\/wp-content\/uploads\/2018\/07\/slider_lastruttura.jpg","contentUrl":"https:\/\/www.lelavandehouse.com\/wp-content\/uploads\/2018\/07\/slider_lastruttura.jpg","width":1920,"height":617},{"@type":"BreadcrumbList","@id":"https:\/\/www.lelavandehouse.com\/it\/la-struttura\/#breadcrumb","itemListElement":[{"@type":"ListItem","position":1,"name":"Home","item":"https:\/\/www.lelavandehouse.com\/it\/homepage\/"},{"@type":"ListItem","position":2,"name":"La struttura"}]},{"@type":"WebSite","@id":"https:\/\/www.lelavandehouse.com\/#website","url":"https:\/\/www.lelavandehouse.com\/","name":"Le Lavande House","description":"Un nuovo sito targato WordPress","publisher":{"@id":"https:\/\/www.lelavandehouse.com\/#organization"},"potentialAction":[{"@type":"SearchAction","target":{"@type":"EntryPoint","urlTemplate":"https:\/\/www.lelavandehouse.com\/?s={search_term_string}"},"query-input":{"@type":"PropertyValueSpecification","valueRequired":true,"valueName":"search_term_string"}}],"inLanguage":"it-IT"},{"@type":"Organization","@id":"https:\/\/www.lelavandehouse.com\/#organization","name":"Le Lavande House","url":"https:\/\/www.lelavandehouse.com\/","logo":{"@type":"ImageObject","inLanguage":"it-IT","@id":"https:\/\/www.lelavandehouse.com\/#\/schema\/logo\/image\/","url":"https:\/\/www.lelavandehouse.com\/wp-content\/uploads\/2018\/07\/logo.png","contentUrl":"https:\/\/www.lelavandehouse.com\/wp-content\/uploads\/2018\/07\/logo.png","width":267,"height":219,"caption":"Le Lavande House"},"image":{"@id":"https:\/\/www.lelavandehouse.com\/#\/schema\/logo\/image\/"}}]}},"_links":{"self":[{"href":"https:\/\/www.lelavandehouse.com\/it\/wp-json\/wp\/v2\/pages\/29","targetHints":{"allow":["GET"]}}],"collection":[{"href":"https:\/\/www.lelavandehouse.com\/it\/wp-json\/wp\/v2\/pages"}],"about":[{"href":"https:\/\/www.lelavandehouse.com\/it\/wp-json\/wp\/v2\/types\/page"}],"author":[{"embeddable":true,"href":"https:\/\/www.lelavandehouse.com\/it\/wp-json\/wp\/v2\/users\/1"}],"replies":[{"embeddable":true,"href":"https:\/\/www.lelavandehouse.com\/it\/wp-json\/wp\/v2\/comments?post=29"}],"version-history":[{"count":15,"href":"https:\/\/www.lelavandehouse.com\/it\/wp-json\/wp\/v2\/pages\/29\/revisions"}],"predecessor-version":[{"id":624,"href":"https:\/\/www.lelavandehouse.com\/it\/wp-json\/wp\/v2\/pages\/29\/revisions\/624"}],"wp:featuredmedia":[{"embeddable":true,"href":"https:\/\/www.lelavandehouse.com\/it\/wp-json\/wp\/v2\/media\/377"}],"wp:attachment":[{"href":"https:\/\/www.lelavandehouse.com\/it\/wp-json\/wp\/v2\/media?parent=29"}],"curies":[{"name":"wp","href":"https:\/\/api.w.org\/{rel}","templated":true}]}}