{"id":408,"date":"2018-07-16T14:51:43","date_gmt":"2018-07-16T12:51:43","guid":{"rendered":"http:\/\/lelavandehouse.com\/info-e-prenotazioni\/"},"modified":"2025-04-29T11:38:20","modified_gmt":"2025-04-29T09:38:20","slug":"infos-et-reservations","status":"publish","type":"page","link":"https:\/\/www.lelavandehouse.com\/fr\/infos-et-reservations\/","title":{"rendered":"Infos et r\u00e9servations"},"content":{"rendered":"<h1>Contacts<\/h1>\n<hr \/>\n<p>Pour tout renseignement sur nos chambres d\u2019h\u00f4tes et sur nos services, \u00e9crivez-nous \u00e0 l\u2019adresse<\/p>\n<p><a href=\"mail: lelavandesrl@gmail.com\">lelavandesrl@gmail.com<\/a><\/p>\n<p>appelez-nous au num\u00e9ro <a href=\"tel: +393703474325\">+39 3703474325<\/a> ou <a href=\"tel: +393477926787\">+39 3477926787<\/a><\/p>\n","protected":false},"excerpt":{"rendered":"<p>Contacts Pour tout renseignement sur nos chambres d\u2019h\u00f4tes et sur nos services, \u00e9crivez-nous \u00e0 l\u2019adresse lelavandesrl@gmail.com appelez-nous au num\u00e9ro +39 3703474325 ou +39 3477926787<\/p>\n","protected":false},"author":1,"featured_media":366,"parent":0,"menu_order":0,"comment_status":"closed","ping_status":"closed","template":"templates-default\/tpl-contacts.php","meta":{"_exactmetrics_skip_tracking":false,"_exactmetrics_sitenote_active":false,"_exactmetrics_sitenote_note":"","_exactmetrics_sitenote_category":0,"footnotes":""},"class_list":["post-408","page","type-page","status-publish","has-post-thumbnail","hentry"],"yoast_head":"<!-- This site is optimized with the Yoast SEO plugin v25.0 - https:\/\/yoast.com\/wordpress\/plugins\/seo\/ -->\n<title>R\u00e9servation de chambres \u00e0 louer \u00e0 Montespertoli, Chianti, Toscane<\/title>\n<meta name=\"description\" content=\"Toutes les modalit\u00e9s pour r\u00e9server une chambre \u00e0 louer \u00e0 Montespertoli, Florence, Chianti, dans un cadre id\u00e9al pour des vacances saines et d\u00e9lassantes\" \/>\n<meta name=\"robots\" content=\"index, follow, max-snippet:-1, max-image-preview:large, max-video-preview:-1\" \/>\n<link rel=\"canonical\" href=\"https:\/\/www.lelavandehouse.com\/fr\/infos-et-reservations\/\" \/>\n<meta property=\"og:locale\" content=\"fr_FR\" \/>\n<meta property=\"og:type\" content=\"article\" \/>\n<meta property=\"og:title\" content=\"R\u00e9servation de chambres \u00e0 louer \u00e0 Montespertoli, Chianti, Toscane\" \/>\n<meta property=\"og:description\" content=\"Toutes les modalit\u00e9s pour r\u00e9server une chambre \u00e0 louer \u00e0 Montespertoli, Florence, Chianti, dans un cadre id\u00e9al pour des vacances saines et d\u00e9lassantes\" \/>\n<meta property=\"og:url\" content=\"https:\/\/www.lelavandehouse.com\/fr\/infos-et-reservations\/\" \/>\n<meta property=\"og:site_name\" content=\"Le Lavande House\" \/>\n<meta property=\"article:modified_time\" content=\"2025-04-29T09:38:20+00:00\" \/>\n<meta property=\"og:image\" content=\"https:\/\/www.lelavandehouse.com\/wp-content\/uploads\/2018\/07\/slider_infoeprenotazioni.jpg\" \/>\n\t<meta property=\"og:image:width\" content=\"1920\" \/>\n\t<meta property=\"og:image:height\" content=\"617\" \/>\n\t<meta property=\"og:image:type\" content=\"image\/jpeg\" \/>\n<meta name=\"twitter:card\" content=\"summary_large_image\" \/>\n<script type=\"application\/ld+json\" class=\"yoast-schema-graph\">{\"@context\":\"https:\/\/schema.org\",\"@graph\":[{\"@type\":\"WebPage\",\"@id\":\"https:\/\/www.lelavandehouse.com\/fr\/infos-et-reservations\/\",\"url\":\"https:\/\/www.lelavandehouse.com\/fr\/infos-et-reservations\/\",\"name\":\"R\u00e9servation de chambres \u00e0 louer \u00e0 Montespertoli, Chianti, Toscane\",\"isPartOf\":{\"@id\":\"https:\/\/www.lelavandehouse.com\/#website\"},\"primaryImageOfPage\":{\"@id\":\"https:\/\/www.lelavandehouse.com\/fr\/infos-et-reservations\/#primaryimage\"},\"image\":{\"@id\":\"https:\/\/www.lelavandehouse.com\/fr\/infos-et-reservations\/#primaryimage\"},\"thumbnailUrl\":\"https:\/\/www.lelavandehouse.com\/wp-content\/uploads\/2018\/07\/slider_infoeprenotazioni.jpg\",\"datePublished\":\"2018-07-16T12:51:43+00:00\",\"dateModified\":\"2025-04-29T09:38:20+00:00\",\"description\":\"Toutes les modalit\u00e9s pour r\u00e9server une chambre \u00e0 louer \u00e0 Montespertoli, Florence, Chianti, dans un cadre id\u00e9al pour des vacances saines et d\u00e9lassantes\",\"breadcrumb\":{\"@id\":\"https:\/\/www.lelavandehouse.com\/fr\/infos-et-reservations\/#breadcrumb\"},\"inLanguage\":\"fr-FR\",\"potentialAction\":[{\"@type\":\"ReadAction\",\"target\":[\"https:\/\/www.lelavandehouse.com\/fr\/infos-et-reservations\/\"]}]},{\"@type\":\"ImageObject\",\"inLanguage\":\"fr-FR\",\"@id\":\"https:\/\/www.lelavandehouse.com\/fr\/infos-et-reservations\/#primaryimage\",\"url\":\"https:\/\/www.lelavandehouse.com\/wp-content\/uploads\/2018\/07\/slider_infoeprenotazioni.jpg\",\"contentUrl\":\"https:\/\/www.lelavandehouse.com\/wp-content\/uploads\/2018\/07\/slider_infoeprenotazioni.jpg\",\"width\":1920,\"height\":617},{\"@type\":\"BreadcrumbList\",\"@id\":\"https:\/\/www.lelavandehouse.com\/fr\/infos-et-reservations\/#breadcrumb\",\"itemListElement\":[{\"@type\":\"ListItem\",\"position\":1,\"name\":\"Home\",\"item\":\"https:\/\/www.lelavandehouse.com\/fr\/homepage\/\"},{\"@type\":\"ListItem\",\"position\":2,\"name\":\"Infos et r\u00e9servations\"}]},{\"@type\":\"WebSite\",\"@id\":\"https:\/\/www.lelavandehouse.com\/#website\",\"url\":\"https:\/\/www.lelavandehouse.com\/\",\"name\":\"Le Lavande House\",\"description\":\"Un nuovo sito targato WordPress\",\"publisher\":{\"@id\":\"https:\/\/www.lelavandehouse.com\/#organization\"},\"potentialAction\":[{\"@type\":\"SearchAction\",\"target\":{\"@type\":\"EntryPoint\",\"urlTemplate\":\"https:\/\/www.lelavandehouse.com\/?s={search_term_string}\"},\"query-input\":{\"@type\":\"PropertyValueSpecification\",\"valueRequired\":true,\"valueName\":\"search_term_string\"}}],\"inLanguage\":\"fr-FR\"},{\"@type\":\"Organization\",\"@id\":\"https:\/\/www.lelavandehouse.com\/#organization\",\"name\":\"Le Lavande House\",\"url\":\"https:\/\/www.lelavandehouse.com\/\",\"logo\":{\"@type\":\"ImageObject\",\"inLanguage\":\"fr-FR\",\"@id\":\"https:\/\/www.lelavandehouse.com\/#\/schema\/logo\/image\/\",\"url\":\"https:\/\/www.lelavandehouse.com\/wp-content\/uploads\/2018\/07\/logo.png\",\"contentUrl\":\"https:\/\/www.lelavandehouse.com\/wp-content\/uploads\/2018\/07\/logo.png\",\"width\":267,\"height\":219,\"caption\":\"Le Lavande House\"},\"image\":{\"@id\":\"https:\/\/www.lelavandehouse.com\/#\/schema\/logo\/image\/\"}}]}<\/script>\n<!-- \/ Yoast SEO plugin. -->","yoast_head_json":{"title":"R\u00e9servation de chambres \u00e0 louer \u00e0 Montespertoli, Chianti, Toscane","description":"Toutes les modalit\u00e9s pour r\u00e9server une chambre \u00e0 louer \u00e0 Montespertoli, Florence, Chianti, dans un cadre id\u00e9al pour des vacances saines et d\u00e9lassantes","robots":{"index":"index","follow":"follow","max-snippet":"max-snippet:-1","max-image-preview":"max-image-preview:large","max-video-preview":"max-video-preview:-1"},"canonical":"https:\/\/www.lelavandehouse.com\/fr\/infos-et-reservations\/","og_locale":"fr_FR","og_type":"article","og_title":"R\u00e9servation de chambres \u00e0 louer \u00e0 Montespertoli, Chianti, Toscane","og_description":"Toutes les modalit\u00e9s pour r\u00e9server une chambre \u00e0 louer \u00e0 Montespertoli, Florence, Chianti, dans un cadre id\u00e9al pour des vacances saines et d\u00e9lassantes","og_url":"https:\/\/www.lelavandehouse.com\/fr\/infos-et-reservations\/","og_site_name":"Le Lavande House","article_modified_time":"2025-04-29T09:38:20+00:00","og_image":[{"width":1920,"height":617,"url":"https:\/\/www.lelavandehouse.com\/wp-content\/uploads\/2018\/07\/slider_infoeprenotazioni.jpg","type":"image\/jpeg"}],"twitter_card":"summary_large_image","schema":{"@context":"https:\/\/schema.org","@graph":[{"@type":"WebPage","@id":"https:\/\/www.lelavandehouse.com\/fr\/infos-et-reservations\/","url":"https:\/\/www.lelavandehouse.com\/fr\/infos-et-reservations\/","name":"R\u00e9servation de chambres \u00e0 louer \u00e0 Montespertoli, Chianti, Toscane","isPartOf":{"@id":"https:\/\/www.lelavandehouse.com\/#website"},"primaryImageOfPage":{"@id":"https:\/\/www.lelavandehouse.com\/fr\/infos-et-reservations\/#primaryimage"},"image":{"@id":"https:\/\/www.lelavandehouse.com\/fr\/infos-et-reservations\/#primaryimage"},"thumbnailUrl":"https:\/\/www.lelavandehouse.com\/wp-content\/uploads\/2018\/07\/slider_infoeprenotazioni.jpg","datePublished":"2018-07-16T12:51:43+00:00","dateModified":"2025-04-29T09:38:20+00:00","description":"Toutes les modalit\u00e9s pour r\u00e9server une chambre \u00e0 louer \u00e0 Montespertoli, Florence, Chianti, dans un cadre id\u00e9al pour des vacances saines et d\u00e9lassantes","breadcrumb":{"@id":"https:\/\/www.lelavandehouse.com\/fr\/infos-et-reservations\/#breadcrumb"},"inLanguage":"fr-FR","potentialAction":[{"@type":"ReadAction","target":["https:\/\/www.lelavandehouse.com\/fr\/infos-et-reservations\/"]}]},{"@type":"ImageObject","inLanguage":"fr-FR","@id":"https:\/\/www.lelavandehouse.com\/fr\/infos-et-reservations\/#primaryimage","url":"https:\/\/www.lelavandehouse.com\/wp-content\/uploads\/2018\/07\/slider_infoeprenotazioni.jpg","contentUrl":"https:\/\/www.lelavandehouse.com\/wp-content\/uploads\/2018\/07\/slider_infoeprenotazioni.jpg","width":1920,"height":617},{"@type":"BreadcrumbList","@id":"https:\/\/www.lelavandehouse.com\/fr\/infos-et-reservations\/#breadcrumb","itemListElement":[{"@type":"ListItem","position":1,"name":"Home","item":"https:\/\/www.lelavandehouse.com\/fr\/homepage\/"},{"@type":"ListItem","position":2,"name":"Infos et r\u00e9servations"}]},{"@type":"WebSite","@id":"https:\/\/www.lelavandehouse.com\/#website","url":"https:\/\/www.lelavandehouse.com\/","name":"Le Lavande House","description":"Un nuovo sito targato WordPress","publisher":{"@id":"https:\/\/www.lelavandehouse.com\/#organization"},"potentialAction":[{"@type":"SearchAction","target":{"@type":"EntryPoint","urlTemplate":"https:\/\/www.lelavandehouse.com\/?s={search_term_string}"},"query-input":{"@type":"PropertyValueSpecification","valueRequired":true,"valueName":"search_term_string"}}],"inLanguage":"fr-FR"},{"@type":"Organization","@id":"https:\/\/www.lelavandehouse.com\/#organization","name":"Le Lavande House","url":"https:\/\/www.lelavandehouse.com\/","logo":{"@type":"ImageObject","inLanguage":"fr-FR","@id":"https:\/\/www.lelavandehouse.com\/#\/schema\/logo\/image\/","url":"https:\/\/www.lelavandehouse.com\/wp-content\/uploads\/2018\/07\/logo.png","contentUrl":"https:\/\/www.lelavandehouse.com\/wp-content\/uploads\/2018\/07\/logo.png","width":267,"height":219,"caption":"Le Lavande House"},"image":{"@id":"https:\/\/www.lelavandehouse.com\/#\/schema\/logo\/image\/"}}]}},"_links":{"self":[{"href":"https:\/\/www.lelavandehouse.com\/fr\/wp-json\/wp\/v2\/pages\/408","targetHints":{"allow":["GET"]}}],"collection":[{"href":"https:\/\/www.lelavandehouse.com\/fr\/wp-json\/wp\/v2\/pages"}],"about":[{"href":"https:\/\/www.lelavandehouse.com\/fr\/wp-json\/wp\/v2\/types\/page"}],"author":[{"embeddable":true,"href":"https:\/\/www.lelavandehouse.com\/fr\/wp-json\/wp\/v2\/users\/1"}],"replies":[{"embeddable":true,"href":"https:\/\/www.lelavandehouse.com\/fr\/wp-json\/wp\/v2\/comments?post=408"}],"version-history":[{"count":4,"href":"https:\/\/www.lelavandehouse.com\/fr\/wp-json\/wp\/v2\/pages\/408\/revisions"}],"predecessor-version":[{"id":633,"href":"https:\/\/www.lelavandehouse.com\/fr\/wp-json\/wp\/v2\/pages\/408\/revisions\/633"}],"wp:featuredmedia":[{"embeddable":true,"href":"https:\/\/www.lelavandehouse.com\/fr\/wp-json\/wp\/v2\/media\/366"}],"wp:attachment":[{"href":"https:\/\/www.lelavandehouse.com\/fr\/wp-json\/wp\/v2\/media?parent=408"}],"curies":[{"name":"wp","href":"https:\/\/api.w.org\/{rel}","templated":true}]}}