{"id":336,"date":"2018-07-16T14:51:35","date_gmt":"2018-07-16T12:51:35","guid":{"rendered":"http:\/\/lelavandehouse.com\/come-arrivare\/"},"modified":"2025-04-29T11:38:06","modified_gmt":"2025-04-29T09:38:06","slug":"comment-arriver","status":"publish","type":"page","link":"https:\/\/www.lelavandehouse.com\/fr\/comment-arriver\/","title":{"rendered":"Comment arriver"},"content":{"rendered":"<h1><span style=\"font-weight: 400;\">La maison de vacances Le Lavande Eco Holiday House<\/span><\/h1>\n<p><span style=\"font-weight: 400;\">Venez passer des vacances reposantes entre la nature, la bonne cuisine et les beaux paysages et la culture de la Toscane, le tout dans un cadre accueillant et \u00e9cologique!<\/span><\/p>\n<p><span style=\"font-weight: 400;\">Notre \u00e9tablissement se trouve \u00e0\u00a0: <\/span><\/p>\n<ul>\n<li style=\"font-weight: 400;\"><span style=\"font-weight: 400;\">27 km de Firenze<\/span><\/li>\n<li style=\"font-weight: 400;\"><span style=\"font-weight: 400;\">37 Km de San Gimignano<\/span><\/li>\n<li style=\"font-weight: 400;\"><span style=\"font-weight: 400;\">42 Km de Vinci<\/span><\/li>\n<li style=\"font-weight: 400;\"><span style=\"font-weight: 400;\">57 km de Siena<\/span><\/li>\n<li style=\"font-weight: 400;\"><span style=\"font-weight: 400;\">67 km de Pisa<\/span><\/li>\n<\/ul>\n","protected":false},"excerpt":{"rendered":"<p>La maison de vacances Le Lavande Eco Holiday House Venez passer des vacances reposantes entre la nature, la bonne cuisine et les beaux paysages et la culture de la Toscane, le tout dans un cadre accueillant et \u00e9cologique! Notre \u00e9tablissement se trouve \u00e0\u00a0: 27 km de Firenze 37 Km de San Gimignano 42 Km de [&hellip;]<\/p>\n","protected":false},"author":1,"featured_media":342,"parent":0,"menu_order":0,"comment_status":"closed","ping_status":"closed","template":"templates-custom\/tpl-comearrivare.php","meta":{"_exactmetrics_skip_tracking":false,"_exactmetrics_sitenote_active":false,"_exactmetrics_sitenote_note":"","_exactmetrics_sitenote_category":0,"footnotes":""},"class_list":["post-336","page","type-page","status-publish","has-post-thumbnail","hentry"],"yoast_head":"<!-- This site is optimized with the Yoast SEO plugin v25.0 - https:\/\/yoast.com\/wordpress\/plugins\/seo\/ -->\n<title>Comment arriver \u00e0 Localit\u00e0 Bottinaccio, Montespertoli, Florence<\/title>\n<meta name=\"description\" content=\"Informations sur la fa\u00e7on d&#039;atteindre Localit\u00e0 Bottinaccio, \u00e0 Montespertoli, (Florence), zone agricole entre le Chianti et Val di Pesa, id\u00e9ale pour des vacances reposantes\" \/>\n<meta name=\"robots\" content=\"index, follow, max-snippet:-1, max-image-preview:large, max-video-preview:-1\" \/>\n<link rel=\"canonical\" href=\"https:\/\/www.lelavandehouse.com\/fr\/comment-arriver\/\" \/>\n<meta property=\"og:locale\" content=\"fr_FR\" \/>\n<meta property=\"og:type\" content=\"article\" \/>\n<meta property=\"og:title\" content=\"Comment arriver \u00e0 Localit\u00e0 Bottinaccio, Montespertoli, Florence\" \/>\n<meta property=\"og:description\" content=\"Informations sur la fa\u00e7on d&#039;atteindre Localit\u00e0 Bottinaccio, \u00e0 Montespertoli, (Florence), zone agricole entre le Chianti et Val di Pesa, id\u00e9ale pour des vacances reposantes\" \/>\n<meta property=\"og:url\" content=\"https:\/\/www.lelavandehouse.com\/fr\/comment-arriver\/\" \/>\n<meta property=\"og:site_name\" content=\"Le Lavande House\" \/>\n<meta property=\"article:modified_time\" content=\"2025-04-29T09:38:06+00:00\" \/>\n<meta property=\"og:image\" content=\"https:\/\/www.lelavandehouse.com\/wp-content\/uploads\/2018\/07\/slide_comearrivare.jpg\" \/>\n\t<meta property=\"og:image:width\" content=\"1920\" \/>\n\t<meta property=\"og:image:height\" content=\"617\" \/>\n\t<meta property=\"og:image:type\" content=\"image\/jpeg\" \/>\n<meta name=\"twitter:card\" content=\"summary_large_image\" \/>\n<script type=\"application\/ld+json\" class=\"yoast-schema-graph\">{\"@context\":\"https:\/\/schema.org\",\"@graph\":[{\"@type\":\"WebPage\",\"@id\":\"https:\/\/www.lelavandehouse.com\/fr\/comment-arriver\/\",\"url\":\"https:\/\/www.lelavandehouse.com\/fr\/comment-arriver\/\",\"name\":\"Comment arriver \u00e0 Localit\u00e0 Bottinaccio, Montespertoli, Florence\",\"isPartOf\":{\"@id\":\"https:\/\/www.lelavandehouse.com\/#website\"},\"primaryImageOfPage\":{\"@id\":\"https:\/\/www.lelavandehouse.com\/fr\/comment-arriver\/#primaryimage\"},\"image\":{\"@id\":\"https:\/\/www.lelavandehouse.com\/fr\/comment-arriver\/#primaryimage\"},\"thumbnailUrl\":\"https:\/\/www.lelavandehouse.com\/wp-content\/uploads\/2018\/07\/slide_comearrivare.jpg\",\"datePublished\":\"2018-07-16T12:51:35+00:00\",\"dateModified\":\"2025-04-29T09:38:06+00:00\",\"description\":\"Informations sur la fa\u00e7on d'atteindre Localit\u00e0 Bottinaccio, \u00e0 Montespertoli, (Florence), zone agricole entre le Chianti et Val di Pesa, id\u00e9ale pour des vacances reposantes\",\"breadcrumb\":{\"@id\":\"https:\/\/www.lelavandehouse.com\/fr\/comment-arriver\/#breadcrumb\"},\"inLanguage\":\"fr-FR\",\"potentialAction\":[{\"@type\":\"ReadAction\",\"target\":[\"https:\/\/www.lelavandehouse.com\/fr\/comment-arriver\/\"]}]},{\"@type\":\"ImageObject\",\"inLanguage\":\"fr-FR\",\"@id\":\"https:\/\/www.lelavandehouse.com\/fr\/comment-arriver\/#primaryimage\",\"url\":\"https:\/\/www.lelavandehouse.com\/wp-content\/uploads\/2018\/07\/slide_comearrivare.jpg\",\"contentUrl\":\"https:\/\/www.lelavandehouse.com\/wp-content\/uploads\/2018\/07\/slide_comearrivare.jpg\",\"width\":1920,\"height\":617},{\"@type\":\"BreadcrumbList\",\"@id\":\"https:\/\/www.lelavandehouse.com\/fr\/comment-arriver\/#breadcrumb\",\"itemListElement\":[{\"@type\":\"ListItem\",\"position\":1,\"name\":\"Home\",\"item\":\"https:\/\/www.lelavandehouse.com\/fr\/homepage\/\"},{\"@type\":\"ListItem\",\"position\":2,\"name\":\"Comment arriver\"}]},{\"@type\":\"WebSite\",\"@id\":\"https:\/\/www.lelavandehouse.com\/#website\",\"url\":\"https:\/\/www.lelavandehouse.com\/\",\"name\":\"Le Lavande House\",\"description\":\"Un nuovo sito targato WordPress\",\"publisher\":{\"@id\":\"https:\/\/www.lelavandehouse.com\/#organization\"},\"potentialAction\":[{\"@type\":\"SearchAction\",\"target\":{\"@type\":\"EntryPoint\",\"urlTemplate\":\"https:\/\/www.lelavandehouse.com\/?s={search_term_string}\"},\"query-input\":{\"@type\":\"PropertyValueSpecification\",\"valueRequired\":true,\"valueName\":\"search_term_string\"}}],\"inLanguage\":\"fr-FR\"},{\"@type\":\"Organization\",\"@id\":\"https:\/\/www.lelavandehouse.com\/#organization\",\"name\":\"Le Lavande House\",\"url\":\"https:\/\/www.lelavandehouse.com\/\",\"logo\":{\"@type\":\"ImageObject\",\"inLanguage\":\"fr-FR\",\"@id\":\"https:\/\/www.lelavandehouse.com\/#\/schema\/logo\/image\/\",\"url\":\"https:\/\/www.lelavandehouse.com\/wp-content\/uploads\/2018\/07\/logo.png\",\"contentUrl\":\"https:\/\/www.lelavandehouse.com\/wp-content\/uploads\/2018\/07\/logo.png\",\"width\":267,\"height\":219,\"caption\":\"Le Lavande House\"},\"image\":{\"@id\":\"https:\/\/www.lelavandehouse.com\/#\/schema\/logo\/image\/\"}}]}<\/script>\n<!-- \/ Yoast SEO plugin. -->","yoast_head_json":{"title":"Comment arriver \u00e0 Localit\u00e0 Bottinaccio, Montespertoli, Florence","description":"Informations sur la fa\u00e7on d'atteindre Localit\u00e0 Bottinaccio, \u00e0 Montespertoli, (Florence), zone agricole entre le Chianti et Val di Pesa, id\u00e9ale pour des vacances reposantes","robots":{"index":"index","follow":"follow","max-snippet":"max-snippet:-1","max-image-preview":"max-image-preview:large","max-video-preview":"max-video-preview:-1"},"canonical":"https:\/\/www.lelavandehouse.com\/fr\/comment-arriver\/","og_locale":"fr_FR","og_type":"article","og_title":"Comment arriver \u00e0 Localit\u00e0 Bottinaccio, Montespertoli, Florence","og_description":"Informations sur la fa\u00e7on d'atteindre Localit\u00e0 Bottinaccio, \u00e0 Montespertoli, (Florence), zone agricole entre le Chianti et Val di Pesa, id\u00e9ale pour des vacances reposantes","og_url":"https:\/\/www.lelavandehouse.com\/fr\/comment-arriver\/","og_site_name":"Le Lavande House","article_modified_time":"2025-04-29T09:38:06+00:00","og_image":[{"width":1920,"height":617,"url":"https:\/\/www.lelavandehouse.com\/wp-content\/uploads\/2018\/07\/slide_comearrivare.jpg","type":"image\/jpeg"}],"twitter_card":"summary_large_image","schema":{"@context":"https:\/\/schema.org","@graph":[{"@type":"WebPage","@id":"https:\/\/www.lelavandehouse.com\/fr\/comment-arriver\/","url":"https:\/\/www.lelavandehouse.com\/fr\/comment-arriver\/","name":"Comment arriver \u00e0 Localit\u00e0 Bottinaccio, Montespertoli, Florence","isPartOf":{"@id":"https:\/\/www.lelavandehouse.com\/#website"},"primaryImageOfPage":{"@id":"https:\/\/www.lelavandehouse.com\/fr\/comment-arriver\/#primaryimage"},"image":{"@id":"https:\/\/www.lelavandehouse.com\/fr\/comment-arriver\/#primaryimage"},"thumbnailUrl":"https:\/\/www.lelavandehouse.com\/wp-content\/uploads\/2018\/07\/slide_comearrivare.jpg","datePublished":"2018-07-16T12:51:35+00:00","dateModified":"2025-04-29T09:38:06+00:00","description":"Informations sur la fa\u00e7on d'atteindre Localit\u00e0 Bottinaccio, \u00e0 Montespertoli, (Florence), zone agricole entre le Chianti et Val di Pesa, id\u00e9ale pour des vacances reposantes","breadcrumb":{"@id":"https:\/\/www.lelavandehouse.com\/fr\/comment-arriver\/#breadcrumb"},"inLanguage":"fr-FR","potentialAction":[{"@type":"ReadAction","target":["https:\/\/www.lelavandehouse.com\/fr\/comment-arriver\/"]}]},{"@type":"ImageObject","inLanguage":"fr-FR","@id":"https:\/\/www.lelavandehouse.com\/fr\/comment-arriver\/#primaryimage","url":"https:\/\/www.lelavandehouse.com\/wp-content\/uploads\/2018\/07\/slide_comearrivare.jpg","contentUrl":"https:\/\/www.lelavandehouse.com\/wp-content\/uploads\/2018\/07\/slide_comearrivare.jpg","width":1920,"height":617},{"@type":"BreadcrumbList","@id":"https:\/\/www.lelavandehouse.com\/fr\/comment-arriver\/#breadcrumb","itemListElement":[{"@type":"ListItem","position":1,"name":"Home","item":"https:\/\/www.lelavandehouse.com\/fr\/homepage\/"},{"@type":"ListItem","position":2,"name":"Comment arriver"}]},{"@type":"WebSite","@id":"https:\/\/www.lelavandehouse.com\/#website","url":"https:\/\/www.lelavandehouse.com\/","name":"Le Lavande House","description":"Un nuovo sito targato WordPress","publisher":{"@id":"https:\/\/www.lelavandehouse.com\/#organization"},"potentialAction":[{"@type":"SearchAction","target":{"@type":"EntryPoint","urlTemplate":"https:\/\/www.lelavandehouse.com\/?s={search_term_string}"},"query-input":{"@type":"PropertyValueSpecification","valueRequired":true,"valueName":"search_term_string"}}],"inLanguage":"fr-FR"},{"@type":"Organization","@id":"https:\/\/www.lelavandehouse.com\/#organization","name":"Le Lavande House","url":"https:\/\/www.lelavandehouse.com\/","logo":{"@type":"ImageObject","inLanguage":"fr-FR","@id":"https:\/\/www.lelavandehouse.com\/#\/schema\/logo\/image\/","url":"https:\/\/www.lelavandehouse.com\/wp-content\/uploads\/2018\/07\/logo.png","contentUrl":"https:\/\/www.lelavandehouse.com\/wp-content\/uploads\/2018\/07\/logo.png","width":267,"height":219,"caption":"Le Lavande House"},"image":{"@id":"https:\/\/www.lelavandehouse.com\/#\/schema\/logo\/image\/"}}]}},"_links":{"self":[{"href":"https:\/\/www.lelavandehouse.com\/fr\/wp-json\/wp\/v2\/pages\/336","targetHints":{"allow":["GET"]}}],"collection":[{"href":"https:\/\/www.lelavandehouse.com\/fr\/wp-json\/wp\/v2\/pages"}],"about":[{"href":"https:\/\/www.lelavandehouse.com\/fr\/wp-json\/wp\/v2\/types\/page"}],"author":[{"embeddable":true,"href":"https:\/\/www.lelavandehouse.com\/fr\/wp-json\/wp\/v2\/users\/1"}],"replies":[{"embeddable":true,"href":"https:\/\/www.lelavandehouse.com\/fr\/wp-json\/wp\/v2\/comments?post=336"}],"version-history":[{"count":4,"href":"https:\/\/www.lelavandehouse.com\/fr\/wp-json\/wp\/v2\/pages\/336\/revisions"}],"predecessor-version":[{"id":615,"href":"https:\/\/www.lelavandehouse.com\/fr\/wp-json\/wp\/v2\/pages\/336\/revisions\/615"}],"wp:featuredmedia":[{"embeddable":true,"href":"https:\/\/www.lelavandehouse.com\/fr\/wp-json\/wp\/v2\/media\/342"}],"wp:attachment":[{"href":"https:\/\/www.lelavandehouse.com\/fr\/wp-json\/wp\/v2\/media?parent=336"}],"curies":[{"name":"wp","href":"https:\/\/api.w.org\/{rel}","templated":true}]}}