{"id":250,"date":"2018-07-16T14:51:28","date_gmt":"2018-07-16T12:51:28","guid":{"rendered":"http:\/\/lelavandehouse.com\/chi-siamo\/"},"modified":"2025-04-29T11:38:20","modified_gmt":"2025-04-29T09:38:20","slug":"qui-sommes-nous","status":"publish","type":"page","link":"https:\/\/www.lelavandehouse.com\/fr\/qui-sommes-nous\/","title":{"rendered":"Qui sommes-nous"},"content":{"rendered":"<h1><span style=\"font-weight: 400;\">Une histoire toute <span class=\"amatic\">toscane<\/span>, \u00e0 partager avec le reste du monde<\/span><\/h1>\n<hr \/>\n<p><span style=\"font-weight: 400;\">De 1978 \u00e0 aujourd&rsquo;hui, il s\u2019est en pass\u00e9 des choses\u00a0! Mais tout avec un seul et m\u00eame but\u00a0: cr\u00e9er un petit coin de paradis dans la Toscane la plus authentique, \u00e0 partager avec le plus de monde possible<\/span><\/p>\n","protected":false},"excerpt":{"rendered":"<p>Une histoire toute toscane, \u00e0 partager avec le reste du monde De 1978 \u00e0 aujourd&rsquo;hui, il s\u2019est en pass\u00e9 des choses\u00a0! Mais tout avec un seul et m\u00eame but\u00a0: cr\u00e9er un petit coin de paradis dans la Toscane la plus authentique, \u00e0 partager avec le plus de monde possible<\/p>\n","protected":false},"author":1,"featured_media":190,"parent":0,"menu_order":0,"comment_status":"closed","ping_status":"closed","template":"templates-custom\/tpl-chisiamo.php","meta":{"_exactmetrics_skip_tracking":false,"_exactmetrics_sitenote_active":false,"_exactmetrics_sitenote_note":"","_exactmetrics_sitenote_category":0,"footnotes":""},"class_list":["post-250","page","type-page","status-publish","has-post-thumbnail","hentry"],"yoast_head":"<!-- This site is optimized with the Yoast SEO plugin v25.0 - https:\/\/yoast.com\/wordpress\/plugins\/seo\/ -->\n<title>Une ancienne grange en Toscane, r\u00e9nov\u00e9e selon les principes de la construction bio et de l\u2019\u00e9co-durabilit\u00e9<\/title>\n<meta name=\"description\" content=\"Le Lavande est un \u00e9tablissement d&#039;h\u00e9bergement \u00e9cologique en Toscane, une ancienne grange enti\u00e8rement r\u00e9nov\u00e9e et \u00e9cosoutenable aliment\u00e9e par des sources d\u2019\u00e9nergie 100% renouvelables\" \/>\n<meta name=\"robots\" content=\"index, follow, max-snippet:-1, max-image-preview:large, max-video-preview:-1\" \/>\n<link rel=\"canonical\" href=\"https:\/\/www.lelavandehouse.com\/fr\/qui-sommes-nous\/\" \/>\n<meta property=\"og:locale\" content=\"fr_FR\" \/>\n<meta property=\"og:type\" content=\"article\" \/>\n<meta property=\"og:title\" content=\"Une ancienne grange en Toscane, r\u00e9nov\u00e9e selon les principes de la construction bio et de l\u2019\u00e9co-durabilit\u00e9\" \/>\n<meta property=\"og:description\" content=\"Le Lavande est un \u00e9tablissement d&#039;h\u00e9bergement \u00e9cologique en Toscane, une ancienne grange enti\u00e8rement r\u00e9nov\u00e9e et \u00e9cosoutenable aliment\u00e9e par des sources d\u2019\u00e9nergie 100% renouvelables\" \/>\n<meta property=\"og:url\" content=\"https:\/\/www.lelavandehouse.com\/fr\/qui-sommes-nous\/\" \/>\n<meta property=\"og:site_name\" content=\"Le Lavande House\" \/>\n<meta property=\"article:modified_time\" content=\"2025-04-29T09:38:20+00:00\" \/>\n<meta property=\"og:image\" content=\"https:\/\/www.lelavandehouse.com\/wp-content\/uploads\/2018\/07\/slider_chisiamo.jpg\" \/>\n\t<meta property=\"og:image:width\" content=\"1920\" \/>\n\t<meta property=\"og:image:height\" content=\"617\" \/>\n\t<meta property=\"og:image:type\" content=\"image\/jpeg\" \/>\n<meta name=\"twitter:card\" content=\"summary_large_image\" \/>\n<script type=\"application\/ld+json\" class=\"yoast-schema-graph\">{\"@context\":\"https:\/\/schema.org\",\"@graph\":[{\"@type\":\"WebPage\",\"@id\":\"https:\/\/www.lelavandehouse.com\/fr\/qui-sommes-nous\/\",\"url\":\"https:\/\/www.lelavandehouse.com\/fr\/qui-sommes-nous\/\",\"name\":\"Une ancienne grange en Toscane, r\u00e9nov\u00e9e selon les principes de la construction bio et de l\u2019\u00e9co-durabilit\u00e9\",\"isPartOf\":{\"@id\":\"https:\/\/www.lelavandehouse.com\/#website\"},\"primaryImageOfPage\":{\"@id\":\"https:\/\/www.lelavandehouse.com\/fr\/qui-sommes-nous\/#primaryimage\"},\"image\":{\"@id\":\"https:\/\/www.lelavandehouse.com\/fr\/qui-sommes-nous\/#primaryimage\"},\"thumbnailUrl\":\"https:\/\/www.lelavandehouse.com\/wp-content\/uploads\/2018\/07\/slider_chisiamo.jpg\",\"datePublished\":\"2018-07-16T12:51:28+00:00\",\"dateModified\":\"2025-04-29T09:38:20+00:00\",\"description\":\"Le Lavande est un \u00e9tablissement d'h\u00e9bergement \u00e9cologique en Toscane, une ancienne grange enti\u00e8rement r\u00e9nov\u00e9e et \u00e9cosoutenable aliment\u00e9e par des sources d\u2019\u00e9nergie 100% renouvelables\",\"breadcrumb\":{\"@id\":\"https:\/\/www.lelavandehouse.com\/fr\/qui-sommes-nous\/#breadcrumb\"},\"inLanguage\":\"fr-FR\",\"potentialAction\":[{\"@type\":\"ReadAction\",\"target\":[\"https:\/\/www.lelavandehouse.com\/fr\/qui-sommes-nous\/\"]}]},{\"@type\":\"ImageObject\",\"inLanguage\":\"fr-FR\",\"@id\":\"https:\/\/www.lelavandehouse.com\/fr\/qui-sommes-nous\/#primaryimage\",\"url\":\"https:\/\/www.lelavandehouse.com\/wp-content\/uploads\/2018\/07\/slider_chisiamo.jpg\",\"contentUrl\":\"https:\/\/www.lelavandehouse.com\/wp-content\/uploads\/2018\/07\/slider_chisiamo.jpg\",\"width\":1920,\"height\":617},{\"@type\":\"BreadcrumbList\",\"@id\":\"https:\/\/www.lelavandehouse.com\/fr\/qui-sommes-nous\/#breadcrumb\",\"itemListElement\":[{\"@type\":\"ListItem\",\"position\":1,\"name\":\"Home\",\"item\":\"https:\/\/www.lelavandehouse.com\/fr\/homepage\/\"},{\"@type\":\"ListItem\",\"position\":2,\"name\":\"Qui sommes-nous\"}]},{\"@type\":\"WebSite\",\"@id\":\"https:\/\/www.lelavandehouse.com\/#website\",\"url\":\"https:\/\/www.lelavandehouse.com\/\",\"name\":\"Le Lavande House\",\"description\":\"Un nuovo sito targato WordPress\",\"publisher\":{\"@id\":\"https:\/\/www.lelavandehouse.com\/#organization\"},\"potentialAction\":[{\"@type\":\"SearchAction\",\"target\":{\"@type\":\"EntryPoint\",\"urlTemplate\":\"https:\/\/www.lelavandehouse.com\/?s={search_term_string}\"},\"query-input\":{\"@type\":\"PropertyValueSpecification\",\"valueRequired\":true,\"valueName\":\"search_term_string\"}}],\"inLanguage\":\"fr-FR\"},{\"@type\":\"Organization\",\"@id\":\"https:\/\/www.lelavandehouse.com\/#organization\",\"name\":\"Le Lavande House\",\"url\":\"https:\/\/www.lelavandehouse.com\/\",\"logo\":{\"@type\":\"ImageObject\",\"inLanguage\":\"fr-FR\",\"@id\":\"https:\/\/www.lelavandehouse.com\/#\/schema\/logo\/image\/\",\"url\":\"https:\/\/www.lelavandehouse.com\/wp-content\/uploads\/2018\/07\/logo.png\",\"contentUrl\":\"https:\/\/www.lelavandehouse.com\/wp-content\/uploads\/2018\/07\/logo.png\",\"width\":267,\"height\":219,\"caption\":\"Le Lavande House\"},\"image\":{\"@id\":\"https:\/\/www.lelavandehouse.com\/#\/schema\/logo\/image\/\"}}]}<\/script>\n<!-- \/ Yoast SEO plugin. -->","yoast_head_json":{"title":"Une ancienne grange en Toscane, r\u00e9nov\u00e9e selon les principes de la construction bio et de l\u2019\u00e9co-durabilit\u00e9","description":"Le Lavande est un \u00e9tablissement d'h\u00e9bergement \u00e9cologique en Toscane, une ancienne grange enti\u00e8rement r\u00e9nov\u00e9e et \u00e9cosoutenable aliment\u00e9e par des sources d\u2019\u00e9nergie 100% renouvelables","robots":{"index":"index","follow":"follow","max-snippet":"max-snippet:-1","max-image-preview":"max-image-preview:large","max-video-preview":"max-video-preview:-1"},"canonical":"https:\/\/www.lelavandehouse.com\/fr\/qui-sommes-nous\/","og_locale":"fr_FR","og_type":"article","og_title":"Une ancienne grange en Toscane, r\u00e9nov\u00e9e selon les principes de la construction bio et de l\u2019\u00e9co-durabilit\u00e9","og_description":"Le Lavande est un \u00e9tablissement d'h\u00e9bergement \u00e9cologique en Toscane, une ancienne grange enti\u00e8rement r\u00e9nov\u00e9e et \u00e9cosoutenable aliment\u00e9e par des sources d\u2019\u00e9nergie 100% renouvelables","og_url":"https:\/\/www.lelavandehouse.com\/fr\/qui-sommes-nous\/","og_site_name":"Le Lavande House","article_modified_time":"2025-04-29T09:38:20+00:00","og_image":[{"width":1920,"height":617,"url":"https:\/\/www.lelavandehouse.com\/wp-content\/uploads\/2018\/07\/slider_chisiamo.jpg","type":"image\/jpeg"}],"twitter_card":"summary_large_image","schema":{"@context":"https:\/\/schema.org","@graph":[{"@type":"WebPage","@id":"https:\/\/www.lelavandehouse.com\/fr\/qui-sommes-nous\/","url":"https:\/\/www.lelavandehouse.com\/fr\/qui-sommes-nous\/","name":"Une ancienne grange en Toscane, r\u00e9nov\u00e9e selon les principes de la construction bio et de l\u2019\u00e9co-durabilit\u00e9","isPartOf":{"@id":"https:\/\/www.lelavandehouse.com\/#website"},"primaryImageOfPage":{"@id":"https:\/\/www.lelavandehouse.com\/fr\/qui-sommes-nous\/#primaryimage"},"image":{"@id":"https:\/\/www.lelavandehouse.com\/fr\/qui-sommes-nous\/#primaryimage"},"thumbnailUrl":"https:\/\/www.lelavandehouse.com\/wp-content\/uploads\/2018\/07\/slider_chisiamo.jpg","datePublished":"2018-07-16T12:51:28+00:00","dateModified":"2025-04-29T09:38:20+00:00","description":"Le Lavande est un \u00e9tablissement d'h\u00e9bergement \u00e9cologique en Toscane, une ancienne grange enti\u00e8rement r\u00e9nov\u00e9e et \u00e9cosoutenable aliment\u00e9e par des sources d\u2019\u00e9nergie 100% renouvelables","breadcrumb":{"@id":"https:\/\/www.lelavandehouse.com\/fr\/qui-sommes-nous\/#breadcrumb"},"inLanguage":"fr-FR","potentialAction":[{"@type":"ReadAction","target":["https:\/\/www.lelavandehouse.com\/fr\/qui-sommes-nous\/"]}]},{"@type":"ImageObject","inLanguage":"fr-FR","@id":"https:\/\/www.lelavandehouse.com\/fr\/qui-sommes-nous\/#primaryimage","url":"https:\/\/www.lelavandehouse.com\/wp-content\/uploads\/2018\/07\/slider_chisiamo.jpg","contentUrl":"https:\/\/www.lelavandehouse.com\/wp-content\/uploads\/2018\/07\/slider_chisiamo.jpg","width":1920,"height":617},{"@type":"BreadcrumbList","@id":"https:\/\/www.lelavandehouse.com\/fr\/qui-sommes-nous\/#breadcrumb","itemListElement":[{"@type":"ListItem","position":1,"name":"Home","item":"https:\/\/www.lelavandehouse.com\/fr\/homepage\/"},{"@type":"ListItem","position":2,"name":"Qui sommes-nous"}]},{"@type":"WebSite","@id":"https:\/\/www.lelavandehouse.com\/#website","url":"https:\/\/www.lelavandehouse.com\/","name":"Le Lavande House","description":"Un nuovo sito targato WordPress","publisher":{"@id":"https:\/\/www.lelavandehouse.com\/#organization"},"potentialAction":[{"@type":"SearchAction","target":{"@type":"EntryPoint","urlTemplate":"https:\/\/www.lelavandehouse.com\/?s={search_term_string}"},"query-input":{"@type":"PropertyValueSpecification","valueRequired":true,"valueName":"search_term_string"}}],"inLanguage":"fr-FR"},{"@type":"Organization","@id":"https:\/\/www.lelavandehouse.com\/#organization","name":"Le Lavande House","url":"https:\/\/www.lelavandehouse.com\/","logo":{"@type":"ImageObject","inLanguage":"fr-FR","@id":"https:\/\/www.lelavandehouse.com\/#\/schema\/logo\/image\/","url":"https:\/\/www.lelavandehouse.com\/wp-content\/uploads\/2018\/07\/logo.png","contentUrl":"https:\/\/www.lelavandehouse.com\/wp-content\/uploads\/2018\/07\/logo.png","width":267,"height":219,"caption":"Le Lavande House"},"image":{"@id":"https:\/\/www.lelavandehouse.com\/#\/schema\/logo\/image\/"}}]}},"_links":{"self":[{"href":"https:\/\/www.lelavandehouse.com\/fr\/wp-json\/wp\/v2\/pages\/250","targetHints":{"allow":["GET"]}}],"collection":[{"href":"https:\/\/www.lelavandehouse.com\/fr\/wp-json\/wp\/v2\/pages"}],"about":[{"href":"https:\/\/www.lelavandehouse.com\/fr\/wp-json\/wp\/v2\/types\/page"}],"author":[{"embeddable":true,"href":"https:\/\/www.lelavandehouse.com\/fr\/wp-json\/wp\/v2\/users\/1"}],"replies":[{"embeddable":true,"href":"https:\/\/www.lelavandehouse.com\/fr\/wp-json\/wp\/v2\/comments?post=250"}],"version-history":[{"count":2,"href":"https:\/\/www.lelavandehouse.com\/fr\/wp-json\/wp\/v2\/pages\/250\/revisions"}],"predecessor-version":[{"id":332,"href":"https:\/\/www.lelavandehouse.com\/fr\/wp-json\/wp\/v2\/pages\/250\/revisions\/332"}],"wp:featuredmedia":[{"embeddable":true,"href":"https:\/\/www.lelavandehouse.com\/fr\/wp-json\/wp\/v2\/media\/190"}],"wp:attachment":[{"href":"https:\/\/www.lelavandehouse.com\/fr\/wp-json\/wp\/v2\/media?parent=250"}],"curies":[{"name":"wp","href":"https:\/\/api.w.org\/{rel}","templated":true}]}}