{"id":185,"date":"2018-07-16T14:51:20","date_gmt":"2018-07-16T12:51:20","guid":{"rendered":"http:\/\/lelavandehouse.com\/il-territorio\/"},"modified":"2025-04-29T11:38:20","modified_gmt":"2025-04-29T09:38:20","slug":"le-terroir","status":"publish","type":"page","link":"https:\/\/www.lelavandehouse.com\/fr\/le-terroir\/","title":{"rendered":"Le terroir"},"content":{"rendered":"<h1><span class=\"amatic\">Montespertoli<\/span>: un coin splendide de la <span class=\"amatic\">Toscane<\/span>, entre le Chianti et la Val di Pesa, \u00e0 deux pas de Florence et de Sienne<\/h1>\n<hr \/>\n<p>Le Lavande est plong\u00e9 dans un territoire extraordinaire, dans un morceau de Toscane o\u00f9 l&rsquo;art, la culture, la tradition, la bonne nourriture, d&rsquo;excellents vins et des paysages enchanteurs se rencontrent pour donner au visiteur une exp\u00e9rience unique.<\/p>\n","protected":false},"excerpt":{"rendered":"<p>Montespertoli: un coin splendide de la Toscane, entre le Chianti et la Val di Pesa, \u00e0 deux pas de Florence et de Sienne Le Lavande est plong\u00e9 dans un territoire extraordinaire, dans un morceau de Toscane o\u00f9 l&rsquo;art, la culture, la tradition, la bonne nourriture, d&rsquo;excellents vins et des paysages enchanteurs se rencontrent pour donner [&hellip;]<\/p>\n","protected":false},"author":1,"featured_media":182,"parent":0,"menu_order":0,"comment_status":"closed","ping_status":"closed","template":"templates-custom\/tpl-territorio.php","meta":{"_exactmetrics_skip_tracking":false,"_exactmetrics_sitenote_active":false,"_exactmetrics_sitenote_note":"","_exactmetrics_sitenote_category":0,"footnotes":""},"class_list":["post-185","page","type-page","status-publish","has-post-thumbnail","hentry"],"yoast_head":"<!-- This site is optimized with the Yoast SEO plugin v25.0 - https:\/\/yoast.com\/wordpress\/plugins\/seo\/ -->\n<title>Vacances \u00e0 Montespertoli. Entre Florence, Chianti, Val di Pesa et villages toscans<\/title>\n<meta name=\"description\" content=\"D\u00e9couvrez le territoire de Montespertoli (Florence) et passez vos vacances entre le Chianti et la Val di Pesa \u00e0 l\u2019enseigne de la nature, de la culture, de la gastronomie et du vin, du divertissement.\" \/>\n<meta name=\"robots\" content=\"index, follow, max-snippet:-1, max-image-preview:large, max-video-preview:-1\" \/>\n<link rel=\"canonical\" href=\"https:\/\/www.lelavandehouse.com\/fr\/le-terroir\/\" \/>\n<meta property=\"og:locale\" content=\"fr_FR\" \/>\n<meta property=\"og:type\" content=\"article\" \/>\n<meta property=\"og:title\" content=\"Vacances \u00e0 Montespertoli. Entre Florence, Chianti, Val di Pesa et villages toscans\" \/>\n<meta property=\"og:description\" content=\"D\u00e9couvrez le territoire de Montespertoli (Florence) et passez vos vacances entre le Chianti et la Val di Pesa \u00e0 l\u2019enseigne de la nature, de la culture, de la gastronomie et du vin, du divertissement.\" \/>\n<meta property=\"og:url\" content=\"https:\/\/www.lelavandehouse.com\/fr\/le-terroir\/\" \/>\n<meta property=\"og:site_name\" content=\"Le Lavande House\" \/>\n<meta property=\"article:modified_time\" content=\"2025-04-29T09:38:20+00:00\" \/>\n<meta property=\"og:image\" content=\"https:\/\/www.lelavandehouse.com\/wp-content\/uploads\/2018\/07\/slider_territorio.jpg\" \/>\n\t<meta property=\"og:image:width\" content=\"1920\" \/>\n\t<meta property=\"og:image:height\" content=\"617\" \/>\n\t<meta property=\"og:image:type\" content=\"image\/jpeg\" \/>\n<meta name=\"twitter:card\" content=\"summary_large_image\" \/>\n<script type=\"application\/ld+json\" class=\"yoast-schema-graph\">{\"@context\":\"https:\/\/schema.org\",\"@graph\":[{\"@type\":\"WebPage\",\"@id\":\"https:\/\/www.lelavandehouse.com\/fr\/le-terroir\/\",\"url\":\"https:\/\/www.lelavandehouse.com\/fr\/le-terroir\/\",\"name\":\"Vacances \u00e0 Montespertoli. Entre Florence, Chianti, Val di Pesa et villages toscans\",\"isPartOf\":{\"@id\":\"https:\/\/www.lelavandehouse.com\/#website\"},\"primaryImageOfPage\":{\"@id\":\"https:\/\/www.lelavandehouse.com\/fr\/le-terroir\/#primaryimage\"},\"image\":{\"@id\":\"https:\/\/www.lelavandehouse.com\/fr\/le-terroir\/#primaryimage\"},\"thumbnailUrl\":\"https:\/\/www.lelavandehouse.com\/wp-content\/uploads\/2018\/07\/slider_territorio.jpg\",\"datePublished\":\"2018-07-16T12:51:20+00:00\",\"dateModified\":\"2025-04-29T09:38:20+00:00\",\"description\":\"D\u00e9couvrez le territoire de Montespertoli (Florence) et passez vos vacances entre le Chianti et la Val di Pesa \u00e0 l\u2019enseigne de la nature, de la culture, de la gastronomie et du vin, du divertissement.\",\"breadcrumb\":{\"@id\":\"https:\/\/www.lelavandehouse.com\/fr\/le-terroir\/#breadcrumb\"},\"inLanguage\":\"fr-FR\",\"potentialAction\":[{\"@type\":\"ReadAction\",\"target\":[\"https:\/\/www.lelavandehouse.com\/fr\/le-terroir\/\"]}]},{\"@type\":\"ImageObject\",\"inLanguage\":\"fr-FR\",\"@id\":\"https:\/\/www.lelavandehouse.com\/fr\/le-terroir\/#primaryimage\",\"url\":\"https:\/\/www.lelavandehouse.com\/wp-content\/uploads\/2018\/07\/slider_territorio.jpg\",\"contentUrl\":\"https:\/\/www.lelavandehouse.com\/wp-content\/uploads\/2018\/07\/slider_territorio.jpg\",\"width\":1920,\"height\":617},{\"@type\":\"BreadcrumbList\",\"@id\":\"https:\/\/www.lelavandehouse.com\/fr\/le-terroir\/#breadcrumb\",\"itemListElement\":[{\"@type\":\"ListItem\",\"position\":1,\"name\":\"Home\",\"item\":\"https:\/\/www.lelavandehouse.com\/fr\/homepage\/\"},{\"@type\":\"ListItem\",\"position\":2,\"name\":\"Le terroir\"}]},{\"@type\":\"WebSite\",\"@id\":\"https:\/\/www.lelavandehouse.com\/#website\",\"url\":\"https:\/\/www.lelavandehouse.com\/\",\"name\":\"Le Lavande House\",\"description\":\"Un nuovo sito targato WordPress\",\"publisher\":{\"@id\":\"https:\/\/www.lelavandehouse.com\/#organization\"},\"potentialAction\":[{\"@type\":\"SearchAction\",\"target\":{\"@type\":\"EntryPoint\",\"urlTemplate\":\"https:\/\/www.lelavandehouse.com\/?s={search_term_string}\"},\"query-input\":{\"@type\":\"PropertyValueSpecification\",\"valueRequired\":true,\"valueName\":\"search_term_string\"}}],\"inLanguage\":\"fr-FR\"},{\"@type\":\"Organization\",\"@id\":\"https:\/\/www.lelavandehouse.com\/#organization\",\"name\":\"Le Lavande House\",\"url\":\"https:\/\/www.lelavandehouse.com\/\",\"logo\":{\"@type\":\"ImageObject\",\"inLanguage\":\"fr-FR\",\"@id\":\"https:\/\/www.lelavandehouse.com\/#\/schema\/logo\/image\/\",\"url\":\"https:\/\/www.lelavandehouse.com\/wp-content\/uploads\/2018\/07\/logo.png\",\"contentUrl\":\"https:\/\/www.lelavandehouse.com\/wp-content\/uploads\/2018\/07\/logo.png\",\"width\":267,\"height\":219,\"caption\":\"Le Lavande House\"},\"image\":{\"@id\":\"https:\/\/www.lelavandehouse.com\/#\/schema\/logo\/image\/\"}}]}<\/script>\n<!-- \/ Yoast SEO plugin. -->","yoast_head_json":{"title":"Vacances \u00e0 Montespertoli. Entre Florence, Chianti, Val di Pesa et villages toscans","description":"D\u00e9couvrez le territoire de Montespertoli (Florence) et passez vos vacances entre le Chianti et la Val di Pesa \u00e0 l\u2019enseigne de la nature, de la culture, de la gastronomie et du vin, du divertissement.","robots":{"index":"index","follow":"follow","max-snippet":"max-snippet:-1","max-image-preview":"max-image-preview:large","max-video-preview":"max-video-preview:-1"},"canonical":"https:\/\/www.lelavandehouse.com\/fr\/le-terroir\/","og_locale":"fr_FR","og_type":"article","og_title":"Vacances \u00e0 Montespertoli. Entre Florence, Chianti, Val di Pesa et villages toscans","og_description":"D\u00e9couvrez le territoire de Montespertoli (Florence) et passez vos vacances entre le Chianti et la Val di Pesa \u00e0 l\u2019enseigne de la nature, de la culture, de la gastronomie et du vin, du divertissement.","og_url":"https:\/\/www.lelavandehouse.com\/fr\/le-terroir\/","og_site_name":"Le Lavande House","article_modified_time":"2025-04-29T09:38:20+00:00","og_image":[{"width":1920,"height":617,"url":"https:\/\/www.lelavandehouse.com\/wp-content\/uploads\/2018\/07\/slider_territorio.jpg","type":"image\/jpeg"}],"twitter_card":"summary_large_image","schema":{"@context":"https:\/\/schema.org","@graph":[{"@type":"WebPage","@id":"https:\/\/www.lelavandehouse.com\/fr\/le-terroir\/","url":"https:\/\/www.lelavandehouse.com\/fr\/le-terroir\/","name":"Vacances \u00e0 Montespertoli. Entre Florence, Chianti, Val di Pesa et villages toscans","isPartOf":{"@id":"https:\/\/www.lelavandehouse.com\/#website"},"primaryImageOfPage":{"@id":"https:\/\/www.lelavandehouse.com\/fr\/le-terroir\/#primaryimage"},"image":{"@id":"https:\/\/www.lelavandehouse.com\/fr\/le-terroir\/#primaryimage"},"thumbnailUrl":"https:\/\/www.lelavandehouse.com\/wp-content\/uploads\/2018\/07\/slider_territorio.jpg","datePublished":"2018-07-16T12:51:20+00:00","dateModified":"2025-04-29T09:38:20+00:00","description":"D\u00e9couvrez le territoire de Montespertoli (Florence) et passez vos vacances entre le Chianti et la Val di Pesa \u00e0 l\u2019enseigne de la nature, de la culture, de la gastronomie et du vin, du divertissement.","breadcrumb":{"@id":"https:\/\/www.lelavandehouse.com\/fr\/le-terroir\/#breadcrumb"},"inLanguage":"fr-FR","potentialAction":[{"@type":"ReadAction","target":["https:\/\/www.lelavandehouse.com\/fr\/le-terroir\/"]}]},{"@type":"ImageObject","inLanguage":"fr-FR","@id":"https:\/\/www.lelavandehouse.com\/fr\/le-terroir\/#primaryimage","url":"https:\/\/www.lelavandehouse.com\/wp-content\/uploads\/2018\/07\/slider_territorio.jpg","contentUrl":"https:\/\/www.lelavandehouse.com\/wp-content\/uploads\/2018\/07\/slider_territorio.jpg","width":1920,"height":617},{"@type":"BreadcrumbList","@id":"https:\/\/www.lelavandehouse.com\/fr\/le-terroir\/#breadcrumb","itemListElement":[{"@type":"ListItem","position":1,"name":"Home","item":"https:\/\/www.lelavandehouse.com\/fr\/homepage\/"},{"@type":"ListItem","position":2,"name":"Le terroir"}]},{"@type":"WebSite","@id":"https:\/\/www.lelavandehouse.com\/#website","url":"https:\/\/www.lelavandehouse.com\/","name":"Le Lavande House","description":"Un nuovo sito targato WordPress","publisher":{"@id":"https:\/\/www.lelavandehouse.com\/#organization"},"potentialAction":[{"@type":"SearchAction","target":{"@type":"EntryPoint","urlTemplate":"https:\/\/www.lelavandehouse.com\/?s={search_term_string}"},"query-input":{"@type":"PropertyValueSpecification","valueRequired":true,"valueName":"search_term_string"}}],"inLanguage":"fr-FR"},{"@type":"Organization","@id":"https:\/\/www.lelavandehouse.com\/#organization","name":"Le Lavande House","url":"https:\/\/www.lelavandehouse.com\/","logo":{"@type":"ImageObject","inLanguage":"fr-FR","@id":"https:\/\/www.lelavandehouse.com\/#\/schema\/logo\/image\/","url":"https:\/\/www.lelavandehouse.com\/wp-content\/uploads\/2018\/07\/logo.png","contentUrl":"https:\/\/www.lelavandehouse.com\/wp-content\/uploads\/2018\/07\/logo.png","width":267,"height":219,"caption":"Le Lavande House"},"image":{"@id":"https:\/\/www.lelavandehouse.com\/#\/schema\/logo\/image\/"}}]}},"_links":{"self":[{"href":"https:\/\/www.lelavandehouse.com\/fr\/wp-json\/wp\/v2\/pages\/185","targetHints":{"allow":["GET"]}}],"collection":[{"href":"https:\/\/www.lelavandehouse.com\/fr\/wp-json\/wp\/v2\/pages"}],"about":[{"href":"https:\/\/www.lelavandehouse.com\/fr\/wp-json\/wp\/v2\/types\/page"}],"author":[{"embeddable":true,"href":"https:\/\/www.lelavandehouse.com\/fr\/wp-json\/wp\/v2\/users\/1"}],"replies":[{"embeddable":true,"href":"https:\/\/www.lelavandehouse.com\/fr\/wp-json\/wp\/v2\/comments?post=185"}],"version-history":[{"count":4,"href":"https:\/\/www.lelavandehouse.com\/fr\/wp-json\/wp\/v2\/pages\/185\/revisions"}],"predecessor-version":[{"id":628,"href":"https:\/\/www.lelavandehouse.com\/fr\/wp-json\/wp\/v2\/pages\/185\/revisions\/628"}],"wp:featuredmedia":[{"embeddable":true,"href":"https:\/\/www.lelavandehouse.com\/fr\/wp-json\/wp\/v2\/media\/182"}],"wp:attachment":[{"href":"https:\/\/www.lelavandehouse.com\/fr\/wp-json\/wp\/v2\/media?parent=185"}],"curies":[{"name":"wp","href":"https:\/\/api.w.org\/{rel}","templated":true}]}}