{"id":99,"date":"2018-07-16T15:00:04","date_gmt":"2018-07-16T13:00:04","guid":{"rendered":"http:\/\/lelavandehouse.com\/la-struttura\/"},"modified":"2025-04-29T11:38:06","modified_gmt":"2025-04-29T09:38:06","slug":"die-ferienanlage","status":"publish","type":"page","link":"https:\/\/www.lelavandehouse.com\/de\/die-ferienanlage\/","title":{"rendered":"Die Ferienanlage"},"content":{"rendered":"<h1>Ein perfekter Ort f\u00fcr Liebhaber von <span class=\"amatic\">Natur<\/span> und <span class=\"amatic\">Umwelt<\/span><\/h1>\n<hr \/>\n<p><span style=\"font-weight: 400;\">Sie werden sofort feststellen, dass das Ferienhaus &#8222;Le Lavande&#8220; nicht wie die anderen ist. Es ist ein besonderer Ort, wo der Einsatz von umweltfreundlichen Technologien dazu beigetragen hat, einen einzigartigen Ort f\u00fcr Personen zu schaffen, die die Natur und die Umwelt lieben.<\/span><\/p>\n","protected":false},"excerpt":{"rendered":"<p>Ein perfekter Ort f\u00fcr Liebhaber von Natur und Umwelt Sie werden sofort feststellen, dass das Ferienhaus &#8222;Le Lavande&#8220; nicht wie die anderen ist. Es ist ein besonderer Ort, wo der Einsatz von umweltfreundlichen Technologien dazu beigetragen hat, einen einzigartigen Ort f\u00fcr Personen zu schaffen, die die Natur und die Umwelt lieben.<\/p>\n","protected":false},"author":1,"featured_media":380,"parent":0,"menu_order":0,"comment_status":"closed","ping_status":"closed","template":"templates-custom\/tpl-struttura.php","meta":{"_exactmetrics_skip_tracking":false,"_exactmetrics_sitenote_active":false,"_exactmetrics_sitenote_note":"","_exactmetrics_sitenote_category":0,"footnotes":""},"class_list":["post-99","page","type-page","status-publish","has-post-thumbnail","hentry"],"yoast_head":"<!-- This site is optimized with the Yoast SEO plugin v25.0 - https:\/\/yoast.com\/wordpress\/plugins\/seo\/ -->\n<title>Gr\u00fcner Tourismus in der Toskana, \u00d6kologisch nachhaltiges Bauernhaus in Chianti<\/title>\n<meta name=\"description\" content=\"Le Lavande ist der ideale Ort f\u00fcr Green Tourism in der Toskana, in einem 100% \u00f6kologisch nachhaltigen Bauernhaus inmitten der gr\u00fcnen H\u00fcgel des Chianti-Gebietes in der N\u00e4he von Florenz.\" \/>\n<meta name=\"robots\" content=\"index, follow, max-snippet:-1, max-image-preview:large, max-video-preview:-1\" \/>\n<link rel=\"canonical\" href=\"https:\/\/www.lelavandehouse.com\/de\/die-ferienanlage\/\" \/>\n<meta property=\"og:locale\" content=\"de_DE\" \/>\n<meta property=\"og:type\" content=\"article\" \/>\n<meta property=\"og:title\" content=\"Gr\u00fcner Tourismus in der Toskana, \u00d6kologisch nachhaltiges Bauernhaus in Chianti\" \/>\n<meta property=\"og:description\" content=\"Le Lavande ist der ideale Ort f\u00fcr Green Tourism in der Toskana, in einem 100% \u00f6kologisch nachhaltigen Bauernhaus inmitten der gr\u00fcnen H\u00fcgel des Chianti-Gebietes in der N\u00e4he von Florenz.\" \/>\n<meta property=\"og:url\" content=\"https:\/\/www.lelavandehouse.com\/de\/die-ferienanlage\/\" \/>\n<meta property=\"og:site_name\" content=\"Le Lavande House\" \/>\n<meta property=\"article:modified_time\" content=\"2025-04-29T09:38:06+00:00\" \/>\n<meta property=\"og:image\" content=\"https:\/\/www.lelavandehouse.com\/wp-content\/uploads\/2018\/07\/slider_lastruttura.jpg\" \/>\n\t<meta property=\"og:image:width\" content=\"1920\" \/>\n\t<meta property=\"og:image:height\" content=\"617\" \/>\n\t<meta property=\"og:image:type\" content=\"image\/jpeg\" \/>\n<meta name=\"twitter:card\" content=\"summary_large_image\" \/>\n<script type=\"application\/ld+json\" class=\"yoast-schema-graph\">{\"@context\":\"https:\/\/schema.org\",\"@graph\":[{\"@type\":\"WebPage\",\"@id\":\"https:\/\/www.lelavandehouse.com\/de\/die-ferienanlage\/\",\"url\":\"https:\/\/www.lelavandehouse.com\/de\/die-ferienanlage\/\",\"name\":\"Gr\u00fcner Tourismus in der Toskana, \u00d6kologisch nachhaltiges Bauernhaus in Chianti\",\"isPartOf\":{\"@id\":\"https:\/\/www.lelavandehouse.com\/#website\"},\"primaryImageOfPage\":{\"@id\":\"https:\/\/www.lelavandehouse.com\/de\/die-ferienanlage\/#primaryimage\"},\"image\":{\"@id\":\"https:\/\/www.lelavandehouse.com\/de\/die-ferienanlage\/#primaryimage\"},\"thumbnailUrl\":\"https:\/\/www.lelavandehouse.com\/wp-content\/uploads\/2018\/07\/slider_lastruttura.jpg\",\"datePublished\":\"2018-07-16T13:00:04+00:00\",\"dateModified\":\"2025-04-29T09:38:06+00:00\",\"description\":\"Le Lavande ist der ideale Ort f\u00fcr Green Tourism in der Toskana, in einem 100% \u00f6kologisch nachhaltigen Bauernhaus inmitten der gr\u00fcnen H\u00fcgel des Chianti-Gebietes in der N\u00e4he von Florenz.\",\"breadcrumb\":{\"@id\":\"https:\/\/www.lelavandehouse.com\/de\/die-ferienanlage\/#breadcrumb\"},\"inLanguage\":\"de\",\"potentialAction\":[{\"@type\":\"ReadAction\",\"target\":[\"https:\/\/www.lelavandehouse.com\/de\/die-ferienanlage\/\"]}]},{\"@type\":\"ImageObject\",\"inLanguage\":\"de\",\"@id\":\"https:\/\/www.lelavandehouse.com\/de\/die-ferienanlage\/#primaryimage\",\"url\":\"https:\/\/www.lelavandehouse.com\/wp-content\/uploads\/2018\/07\/slider_lastruttura.jpg\",\"contentUrl\":\"https:\/\/www.lelavandehouse.com\/wp-content\/uploads\/2018\/07\/slider_lastruttura.jpg\",\"width\":1920,\"height\":617},{\"@type\":\"BreadcrumbList\",\"@id\":\"https:\/\/www.lelavandehouse.com\/de\/die-ferienanlage\/#breadcrumb\",\"itemListElement\":[{\"@type\":\"ListItem\",\"position\":1,\"name\":\"Home\",\"item\":\"https:\/\/www.lelavandehouse.com\/de\/homepage\/\"},{\"@type\":\"ListItem\",\"position\":2,\"name\":\"Die Ferienanlage\"}]},{\"@type\":\"WebSite\",\"@id\":\"https:\/\/www.lelavandehouse.com\/#website\",\"url\":\"https:\/\/www.lelavandehouse.com\/\",\"name\":\"Le Lavande House\",\"description\":\"Un nuovo sito targato WordPress\",\"publisher\":{\"@id\":\"https:\/\/www.lelavandehouse.com\/#organization\"},\"potentialAction\":[{\"@type\":\"SearchAction\",\"target\":{\"@type\":\"EntryPoint\",\"urlTemplate\":\"https:\/\/www.lelavandehouse.com\/?s={search_term_string}\"},\"query-input\":{\"@type\":\"PropertyValueSpecification\",\"valueRequired\":true,\"valueName\":\"search_term_string\"}}],\"inLanguage\":\"de\"},{\"@type\":\"Organization\",\"@id\":\"https:\/\/www.lelavandehouse.com\/#organization\",\"name\":\"Le Lavande House\",\"url\":\"https:\/\/www.lelavandehouse.com\/\",\"logo\":{\"@type\":\"ImageObject\",\"inLanguage\":\"de\",\"@id\":\"https:\/\/www.lelavandehouse.com\/#\/schema\/logo\/image\/\",\"url\":\"https:\/\/www.lelavandehouse.com\/wp-content\/uploads\/2018\/07\/logo.png\",\"contentUrl\":\"https:\/\/www.lelavandehouse.com\/wp-content\/uploads\/2018\/07\/logo.png\",\"width\":267,\"height\":219,\"caption\":\"Le Lavande House\"},\"image\":{\"@id\":\"https:\/\/www.lelavandehouse.com\/#\/schema\/logo\/image\/\"}}]}<\/script>\n<!-- \/ Yoast SEO plugin. -->","yoast_head_json":{"title":"Gr\u00fcner Tourismus in der Toskana, \u00d6kologisch nachhaltiges Bauernhaus in Chianti","description":"Le Lavande ist der ideale Ort f\u00fcr Green Tourism in der Toskana, in einem 100% \u00f6kologisch nachhaltigen Bauernhaus inmitten der gr\u00fcnen H\u00fcgel des Chianti-Gebietes in der N\u00e4he von Florenz.","robots":{"index":"index","follow":"follow","max-snippet":"max-snippet:-1","max-image-preview":"max-image-preview:large","max-video-preview":"max-video-preview:-1"},"canonical":"https:\/\/www.lelavandehouse.com\/de\/die-ferienanlage\/","og_locale":"de_DE","og_type":"article","og_title":"Gr\u00fcner Tourismus in der Toskana, \u00d6kologisch nachhaltiges Bauernhaus in Chianti","og_description":"Le Lavande ist der ideale Ort f\u00fcr Green Tourism in der Toskana, in einem 100% \u00f6kologisch nachhaltigen Bauernhaus inmitten der gr\u00fcnen H\u00fcgel des Chianti-Gebietes in der N\u00e4he von Florenz.","og_url":"https:\/\/www.lelavandehouse.com\/de\/die-ferienanlage\/","og_site_name":"Le Lavande House","article_modified_time":"2025-04-29T09:38:06+00:00","og_image":[{"width":1920,"height":617,"url":"https:\/\/www.lelavandehouse.com\/wp-content\/uploads\/2018\/07\/slider_lastruttura.jpg","type":"image\/jpeg"}],"twitter_card":"summary_large_image","schema":{"@context":"https:\/\/schema.org","@graph":[{"@type":"WebPage","@id":"https:\/\/www.lelavandehouse.com\/de\/die-ferienanlage\/","url":"https:\/\/www.lelavandehouse.com\/de\/die-ferienanlage\/","name":"Gr\u00fcner Tourismus in der Toskana, \u00d6kologisch nachhaltiges Bauernhaus in Chianti","isPartOf":{"@id":"https:\/\/www.lelavandehouse.com\/#website"},"primaryImageOfPage":{"@id":"https:\/\/www.lelavandehouse.com\/de\/die-ferienanlage\/#primaryimage"},"image":{"@id":"https:\/\/www.lelavandehouse.com\/de\/die-ferienanlage\/#primaryimage"},"thumbnailUrl":"https:\/\/www.lelavandehouse.com\/wp-content\/uploads\/2018\/07\/slider_lastruttura.jpg","datePublished":"2018-07-16T13:00:04+00:00","dateModified":"2025-04-29T09:38:06+00:00","description":"Le Lavande ist der ideale Ort f\u00fcr Green Tourism in der Toskana, in einem 100% \u00f6kologisch nachhaltigen Bauernhaus inmitten der gr\u00fcnen H\u00fcgel des Chianti-Gebietes in der N\u00e4he von Florenz.","breadcrumb":{"@id":"https:\/\/www.lelavandehouse.com\/de\/die-ferienanlage\/#breadcrumb"},"inLanguage":"de","potentialAction":[{"@type":"ReadAction","target":["https:\/\/www.lelavandehouse.com\/de\/die-ferienanlage\/"]}]},{"@type":"ImageObject","inLanguage":"de","@id":"https:\/\/www.lelavandehouse.com\/de\/die-ferienanlage\/#primaryimage","url":"https:\/\/www.lelavandehouse.com\/wp-content\/uploads\/2018\/07\/slider_lastruttura.jpg","contentUrl":"https:\/\/www.lelavandehouse.com\/wp-content\/uploads\/2018\/07\/slider_lastruttura.jpg","width":1920,"height":617},{"@type":"BreadcrumbList","@id":"https:\/\/www.lelavandehouse.com\/de\/die-ferienanlage\/#breadcrumb","itemListElement":[{"@type":"ListItem","position":1,"name":"Home","item":"https:\/\/www.lelavandehouse.com\/de\/homepage\/"},{"@type":"ListItem","position":2,"name":"Die Ferienanlage"}]},{"@type":"WebSite","@id":"https:\/\/www.lelavandehouse.com\/#website","url":"https:\/\/www.lelavandehouse.com\/","name":"Le Lavande House","description":"Un nuovo sito targato WordPress","publisher":{"@id":"https:\/\/www.lelavandehouse.com\/#organization"},"potentialAction":[{"@type":"SearchAction","target":{"@type":"EntryPoint","urlTemplate":"https:\/\/www.lelavandehouse.com\/?s={search_term_string}"},"query-input":{"@type":"PropertyValueSpecification","valueRequired":true,"valueName":"search_term_string"}}],"inLanguage":"de"},{"@type":"Organization","@id":"https:\/\/www.lelavandehouse.com\/#organization","name":"Le Lavande House","url":"https:\/\/www.lelavandehouse.com\/","logo":{"@type":"ImageObject","inLanguage":"de","@id":"https:\/\/www.lelavandehouse.com\/#\/schema\/logo\/image\/","url":"https:\/\/www.lelavandehouse.com\/wp-content\/uploads\/2018\/07\/logo.png","contentUrl":"https:\/\/www.lelavandehouse.com\/wp-content\/uploads\/2018\/07\/logo.png","width":267,"height":219,"caption":"Le Lavande House"},"image":{"@id":"https:\/\/www.lelavandehouse.com\/#\/schema\/logo\/image\/"}}]}},"_links":{"self":[{"href":"https:\/\/www.lelavandehouse.com\/de\/wp-json\/wp\/v2\/pages\/99","targetHints":{"allow":["GET"]}}],"collection":[{"href":"https:\/\/www.lelavandehouse.com\/de\/wp-json\/wp\/v2\/pages"}],"about":[{"href":"https:\/\/www.lelavandehouse.com\/de\/wp-json\/wp\/v2\/types\/page"}],"author":[{"embeddable":true,"href":"https:\/\/www.lelavandehouse.com\/de\/wp-json\/wp\/v2\/users\/1"}],"replies":[{"embeddable":true,"href":"https:\/\/www.lelavandehouse.com\/de\/wp-json\/wp\/v2\/comments?post=99"}],"version-history":[{"count":4,"href":"https:\/\/www.lelavandehouse.com\/de\/wp-json\/wp\/v2\/pages\/99\/revisions"}],"predecessor-version":[{"id":627,"href":"https:\/\/www.lelavandehouse.com\/de\/wp-json\/wp\/v2\/pages\/99\/revisions\/627"}],"wp:featuredmedia":[{"embeddable":true,"href":"https:\/\/www.lelavandehouse.com\/de\/wp-json\/wp\/v2\/media\/380"}],"wp:attachment":[{"href":"https:\/\/www.lelavandehouse.com\/de\/wp-json\/wp\/v2\/media?parent=99"}],"curies":[{"name":"wp","href":"https:\/\/api.w.org\/{rel}","templated":true}]}}