{"id":409,"date":"2018-07-16T14:51:43","date_gmt":"2018-07-16T12:51:43","guid":{"rendered":"http:\/\/lelavandehouse.com\/info-e-prenotazioni\/"},"modified":"2025-04-29T11:38:20","modified_gmt":"2025-04-29T09:38:20","slug":"infos-und-reservierungen","status":"publish","type":"page","link":"https:\/\/www.lelavandehouse.com\/de\/infos-und-reservierungen\/","title":{"rendered":"Infos und Reservierungen"},"content":{"rendered":"<h1>Kontakte<\/h1>\n<hr \/>\n<p>F\u00fcr weitere Informationen \u00fcber unsere Unterk\u00fcnfte und Dienstleistungen kontaktieren Sie uns bitte unter<\/p>\n<p><a href=\"mail: lelavandesrl@gmail.com\">lelavandesrl@gmail.com<\/a><\/p>\n<p>oder rufen Sie uns an unter <a href=\"tel: +393703474325\">+39 3703474325<\/a> oder <a href=\"tel: +393477926787\">+39 3477926787<\/a><\/p>\n","protected":false},"excerpt":{"rendered":"<p>Kontakte F\u00fcr weitere Informationen \u00fcber unsere Unterk\u00fcnfte und Dienstleistungen kontaktieren Sie uns bitte unter lelavandesrl@gmail.com oder rufen Sie uns an unter +39 3703474325 oder +39 3477926787<\/p>\n","protected":false},"author":1,"featured_media":367,"parent":0,"menu_order":0,"comment_status":"closed","ping_status":"closed","template":"templates-default\/tpl-contacts.php","meta":{"_exactmetrics_skip_tracking":false,"_exactmetrics_sitenote_active":false,"_exactmetrics_sitenote_note":"","_exactmetrics_sitenote_category":0,"footnotes":""},"class_list":["post-409","page","type-page","status-publish","has-post-thumbnail","hentry"],"yoast_head":"<!-- This site is optimized with the Yoast SEO plugin v25.0 - https:\/\/yoast.com\/wordpress\/plugins\/seo\/ -->\n<title>Zimmerreservierung Montespertoli im Chianti-Gebiet in der Toskana<\/title>\n<meta name=\"description\" content=\"All methods for booking a room for rent in Montespertoli, Florence, Chianti, in an ideal context for a healthy and relaxing holiAlle M\u00f6glichkeiten, um ein Zimmer in Montespertoli in der N\u00e4he von Florenz im Chianti-Gebiet zu buchen, in einem idealen Ambiente f\u00fcr einen gesunden und erholsamen Urlaub\" \/>\n<meta name=\"robots\" content=\"index, follow, max-snippet:-1, max-image-preview:large, max-video-preview:-1\" \/>\n<link rel=\"canonical\" href=\"https:\/\/www.lelavandehouse.com\/de\/infos-und-reservierungen\/\" \/>\n<meta property=\"og:locale\" content=\"de_DE\" \/>\n<meta property=\"og:type\" content=\"article\" \/>\n<meta property=\"og:title\" content=\"Zimmerreservierung Montespertoli im Chianti-Gebiet in der Toskana\" \/>\n<meta property=\"og:description\" content=\"All methods for booking a room for rent in Montespertoli, Florence, Chianti, in an ideal context for a healthy and relaxing holiAlle M\u00f6glichkeiten, um ein Zimmer in Montespertoli in der N\u00e4he von Florenz im Chianti-Gebiet zu buchen, in einem idealen Ambiente f\u00fcr einen gesunden und erholsamen Urlaub\" \/>\n<meta property=\"og:url\" content=\"https:\/\/www.lelavandehouse.com\/de\/infos-und-reservierungen\/\" \/>\n<meta property=\"og:site_name\" content=\"Le Lavande House\" \/>\n<meta property=\"article:modified_time\" content=\"2025-04-29T09:38:20+00:00\" \/>\n<meta property=\"og:image\" content=\"https:\/\/www.lelavandehouse.com\/wp-content\/uploads\/2018\/07\/slider_infoeprenotazioni.jpg\" \/>\n\t<meta property=\"og:image:width\" content=\"1920\" \/>\n\t<meta property=\"og:image:height\" content=\"617\" \/>\n\t<meta property=\"og:image:type\" content=\"image\/jpeg\" \/>\n<meta name=\"twitter:card\" content=\"summary_large_image\" \/>\n<script type=\"application\/ld+json\" class=\"yoast-schema-graph\">{\"@context\":\"https:\/\/schema.org\",\"@graph\":[{\"@type\":\"WebPage\",\"@id\":\"https:\/\/www.lelavandehouse.com\/de\/infos-und-reservierungen\/\",\"url\":\"https:\/\/www.lelavandehouse.com\/de\/infos-und-reservierungen\/\",\"name\":\"Zimmerreservierung Montespertoli im Chianti-Gebiet in der Toskana\",\"isPartOf\":{\"@id\":\"https:\/\/www.lelavandehouse.com\/#website\"},\"primaryImageOfPage\":{\"@id\":\"https:\/\/www.lelavandehouse.com\/de\/infos-und-reservierungen\/#primaryimage\"},\"image\":{\"@id\":\"https:\/\/www.lelavandehouse.com\/de\/infos-und-reservierungen\/#primaryimage\"},\"thumbnailUrl\":\"https:\/\/www.lelavandehouse.com\/wp-content\/uploads\/2018\/07\/slider_infoeprenotazioni.jpg\",\"datePublished\":\"2018-07-16T12:51:43+00:00\",\"dateModified\":\"2025-04-29T09:38:20+00:00\",\"description\":\"All methods for booking a room for rent in Montespertoli, Florence, Chianti, in an ideal context for a healthy and relaxing holiAlle M\u00f6glichkeiten, um ein Zimmer in Montespertoli in der N\u00e4he von Florenz im Chianti-Gebiet zu buchen, in einem idealen Ambiente f\u00fcr einen gesunden und erholsamen Urlaub\",\"breadcrumb\":{\"@id\":\"https:\/\/www.lelavandehouse.com\/de\/infos-und-reservierungen\/#breadcrumb\"},\"inLanguage\":\"de\",\"potentialAction\":[{\"@type\":\"ReadAction\",\"target\":[\"https:\/\/www.lelavandehouse.com\/de\/infos-und-reservierungen\/\"]}]},{\"@type\":\"ImageObject\",\"inLanguage\":\"de\",\"@id\":\"https:\/\/www.lelavandehouse.com\/de\/infos-und-reservierungen\/#primaryimage\",\"url\":\"https:\/\/www.lelavandehouse.com\/wp-content\/uploads\/2018\/07\/slider_infoeprenotazioni.jpg\",\"contentUrl\":\"https:\/\/www.lelavandehouse.com\/wp-content\/uploads\/2018\/07\/slider_infoeprenotazioni.jpg\",\"width\":1920,\"height\":617},{\"@type\":\"BreadcrumbList\",\"@id\":\"https:\/\/www.lelavandehouse.com\/de\/infos-und-reservierungen\/#breadcrumb\",\"itemListElement\":[{\"@type\":\"ListItem\",\"position\":1,\"name\":\"Home\",\"item\":\"https:\/\/www.lelavandehouse.com\/de\/homepage\/\"},{\"@type\":\"ListItem\",\"position\":2,\"name\":\"Infos und Reservierungen\"}]},{\"@type\":\"WebSite\",\"@id\":\"https:\/\/www.lelavandehouse.com\/#website\",\"url\":\"https:\/\/www.lelavandehouse.com\/\",\"name\":\"Le Lavande House\",\"description\":\"Un nuovo sito targato WordPress\",\"publisher\":{\"@id\":\"https:\/\/www.lelavandehouse.com\/#organization\"},\"potentialAction\":[{\"@type\":\"SearchAction\",\"target\":{\"@type\":\"EntryPoint\",\"urlTemplate\":\"https:\/\/www.lelavandehouse.com\/?s={search_term_string}\"},\"query-input\":{\"@type\":\"PropertyValueSpecification\",\"valueRequired\":true,\"valueName\":\"search_term_string\"}}],\"inLanguage\":\"de\"},{\"@type\":\"Organization\",\"@id\":\"https:\/\/www.lelavandehouse.com\/#organization\",\"name\":\"Le Lavande House\",\"url\":\"https:\/\/www.lelavandehouse.com\/\",\"logo\":{\"@type\":\"ImageObject\",\"inLanguage\":\"de\",\"@id\":\"https:\/\/www.lelavandehouse.com\/#\/schema\/logo\/image\/\",\"url\":\"https:\/\/www.lelavandehouse.com\/wp-content\/uploads\/2018\/07\/logo.png\",\"contentUrl\":\"https:\/\/www.lelavandehouse.com\/wp-content\/uploads\/2018\/07\/logo.png\",\"width\":267,\"height\":219,\"caption\":\"Le Lavande House\"},\"image\":{\"@id\":\"https:\/\/www.lelavandehouse.com\/#\/schema\/logo\/image\/\"}}]}<\/script>\n<!-- \/ Yoast SEO plugin. -->","yoast_head_json":{"title":"Zimmerreservierung Montespertoli im Chianti-Gebiet in der Toskana","description":"All methods for booking a room for rent in Montespertoli, Florence, Chianti, in an ideal context for a healthy and relaxing holiAlle M\u00f6glichkeiten, um ein Zimmer in Montespertoli in der N\u00e4he von Florenz im Chianti-Gebiet zu buchen, in einem idealen Ambiente f\u00fcr einen gesunden und erholsamen Urlaub","robots":{"index":"index","follow":"follow","max-snippet":"max-snippet:-1","max-image-preview":"max-image-preview:large","max-video-preview":"max-video-preview:-1"},"canonical":"https:\/\/www.lelavandehouse.com\/de\/infos-und-reservierungen\/","og_locale":"de_DE","og_type":"article","og_title":"Zimmerreservierung Montespertoli im Chianti-Gebiet in der Toskana","og_description":"All methods for booking a room for rent in Montespertoli, Florence, Chianti, in an ideal context for a healthy and relaxing holiAlle M\u00f6glichkeiten, um ein Zimmer in Montespertoli in der N\u00e4he von Florenz im Chianti-Gebiet zu buchen, in einem idealen Ambiente f\u00fcr einen gesunden und erholsamen Urlaub","og_url":"https:\/\/www.lelavandehouse.com\/de\/infos-und-reservierungen\/","og_site_name":"Le Lavande House","article_modified_time":"2025-04-29T09:38:20+00:00","og_image":[{"width":1920,"height":617,"url":"https:\/\/www.lelavandehouse.com\/wp-content\/uploads\/2018\/07\/slider_infoeprenotazioni.jpg","type":"image\/jpeg"}],"twitter_card":"summary_large_image","schema":{"@context":"https:\/\/schema.org","@graph":[{"@type":"WebPage","@id":"https:\/\/www.lelavandehouse.com\/de\/infos-und-reservierungen\/","url":"https:\/\/www.lelavandehouse.com\/de\/infos-und-reservierungen\/","name":"Zimmerreservierung Montespertoli im Chianti-Gebiet in der Toskana","isPartOf":{"@id":"https:\/\/www.lelavandehouse.com\/#website"},"primaryImageOfPage":{"@id":"https:\/\/www.lelavandehouse.com\/de\/infos-und-reservierungen\/#primaryimage"},"image":{"@id":"https:\/\/www.lelavandehouse.com\/de\/infos-und-reservierungen\/#primaryimage"},"thumbnailUrl":"https:\/\/www.lelavandehouse.com\/wp-content\/uploads\/2018\/07\/slider_infoeprenotazioni.jpg","datePublished":"2018-07-16T12:51:43+00:00","dateModified":"2025-04-29T09:38:20+00:00","description":"All methods for booking a room for rent in Montespertoli, Florence, Chianti, in an ideal context for a healthy and relaxing holiAlle M\u00f6glichkeiten, um ein Zimmer in Montespertoli in der N\u00e4he von Florenz im Chianti-Gebiet zu buchen, in einem idealen Ambiente f\u00fcr einen gesunden und erholsamen Urlaub","breadcrumb":{"@id":"https:\/\/www.lelavandehouse.com\/de\/infos-und-reservierungen\/#breadcrumb"},"inLanguage":"de","potentialAction":[{"@type":"ReadAction","target":["https:\/\/www.lelavandehouse.com\/de\/infos-und-reservierungen\/"]}]},{"@type":"ImageObject","inLanguage":"de","@id":"https:\/\/www.lelavandehouse.com\/de\/infos-und-reservierungen\/#primaryimage","url":"https:\/\/www.lelavandehouse.com\/wp-content\/uploads\/2018\/07\/slider_infoeprenotazioni.jpg","contentUrl":"https:\/\/www.lelavandehouse.com\/wp-content\/uploads\/2018\/07\/slider_infoeprenotazioni.jpg","width":1920,"height":617},{"@type":"BreadcrumbList","@id":"https:\/\/www.lelavandehouse.com\/de\/infos-und-reservierungen\/#breadcrumb","itemListElement":[{"@type":"ListItem","position":1,"name":"Home","item":"https:\/\/www.lelavandehouse.com\/de\/homepage\/"},{"@type":"ListItem","position":2,"name":"Infos und Reservierungen"}]},{"@type":"WebSite","@id":"https:\/\/www.lelavandehouse.com\/#website","url":"https:\/\/www.lelavandehouse.com\/","name":"Le Lavande House","description":"Un nuovo sito targato WordPress","publisher":{"@id":"https:\/\/www.lelavandehouse.com\/#organization"},"potentialAction":[{"@type":"SearchAction","target":{"@type":"EntryPoint","urlTemplate":"https:\/\/www.lelavandehouse.com\/?s={search_term_string}"},"query-input":{"@type":"PropertyValueSpecification","valueRequired":true,"valueName":"search_term_string"}}],"inLanguage":"de"},{"@type":"Organization","@id":"https:\/\/www.lelavandehouse.com\/#organization","name":"Le Lavande House","url":"https:\/\/www.lelavandehouse.com\/","logo":{"@type":"ImageObject","inLanguage":"de","@id":"https:\/\/www.lelavandehouse.com\/#\/schema\/logo\/image\/","url":"https:\/\/www.lelavandehouse.com\/wp-content\/uploads\/2018\/07\/logo.png","contentUrl":"https:\/\/www.lelavandehouse.com\/wp-content\/uploads\/2018\/07\/logo.png","width":267,"height":219,"caption":"Le Lavande House"},"image":{"@id":"https:\/\/www.lelavandehouse.com\/#\/schema\/logo\/image\/"}}]}},"_links":{"self":[{"href":"https:\/\/www.lelavandehouse.com\/de\/wp-json\/wp\/v2\/pages\/409","targetHints":{"allow":["GET"]}}],"collection":[{"href":"https:\/\/www.lelavandehouse.com\/de\/wp-json\/wp\/v2\/pages"}],"about":[{"href":"https:\/\/www.lelavandehouse.com\/de\/wp-json\/wp\/v2\/types\/page"}],"author":[{"embeddable":true,"href":"https:\/\/www.lelavandehouse.com\/de\/wp-json\/wp\/v2\/users\/1"}],"replies":[{"embeddable":true,"href":"https:\/\/www.lelavandehouse.com\/de\/wp-json\/wp\/v2\/comments?post=409"}],"version-history":[{"count":6,"href":"https:\/\/www.lelavandehouse.com\/de\/wp-json\/wp\/v2\/pages\/409\/revisions"}],"predecessor-version":[{"id":632,"href":"https:\/\/www.lelavandehouse.com\/de\/wp-json\/wp\/v2\/pages\/409\/revisions\/632"}],"wp:featuredmedia":[{"embeddable":true,"href":"https:\/\/www.lelavandehouse.com\/de\/wp-json\/wp\/v2\/media\/367"}],"wp:attachment":[{"href":"https:\/\/www.lelavandehouse.com\/de\/wp-json\/wp\/v2\/media?parent=409"}],"curies":[{"name":"wp","href":"https:\/\/api.w.org\/{rel}","templated":true}]}}