{"id":186,"date":"2018-07-16T14:51:20","date_gmt":"2018-07-16T12:51:20","guid":{"rendered":"http:\/\/lelavandehouse.com\/il-territorio\/"},"modified":"2025-04-29T11:38:06","modified_gmt":"2025-04-29T09:38:06","slug":"die-region","status":"publish","type":"page","link":"https:\/\/www.lelavandehouse.com\/de\/die-region\/","title":{"rendered":"Die Region"},"content":{"rendered":"<h1><span class=\"amatic\">Montespertoli<\/span>: ein sch\u00f6ner Ort der\u00a0<span class=\"amatic\">Toskana<\/span>, zwischen der Gegend des Chianti und dem Pesa-Tal nur wenige Schritte von Florenz und Siena entfernt<\/h1>\n<hr \/>\n<p>Le Lavande liegt in einem au\u00dfergew\u00f6hnlichen Gebiet, in einem St\u00fcck Toskana, wo sich Kunst, Kultur, Tradition, gutes Essen, ausgezeichnete Weine und Postkartenlandschaften vereinen, um dem Besucher ein einzigartiges Erlebnis zu bieten.<\/p>\n","protected":false},"excerpt":{"rendered":"<p>Montespertoli: ein sch\u00f6ner Ort der\u00a0Toskana, zwischen der Gegend des Chianti und dem Pesa-Tal nur wenige Schritte von Florenz und Siena entfernt Le Lavande liegt in einem au\u00dfergew\u00f6hnlichen Gebiet, in einem St\u00fcck Toskana, wo sich Kunst, Kultur, Tradition, gutes Essen, ausgezeichnete Weine und Postkartenlandschaften vereinen, um dem Besucher ein einzigartiges Erlebnis zu bieten.<\/p>\n","protected":false},"author":1,"featured_media":183,"parent":0,"menu_order":0,"comment_status":"closed","ping_status":"closed","template":"templates-custom\/tpl-territorio.php","meta":{"_exactmetrics_skip_tracking":false,"_exactmetrics_sitenote_active":false,"_exactmetrics_sitenote_note":"","_exactmetrics_sitenote_category":0,"footnotes":""},"class_list":["post-186","page","type-page","status-publish","has-post-thumbnail","hentry"],"yoast_head":"<!-- This site is optimized with the Yoast SEO plugin v25.0 - https:\/\/yoast.com\/wordpress\/plugins\/seo\/ -->\n<title>Urlaub in Montespertoli. Zwischen Florenz, Chianti, Pesa-Tal und toskanischen D\u00f6rfern.<\/title>\n<meta name=\"description\" content=\"Entdecken Sie die Region von Montespertoli (Florenz), um Ihren Urlaub zwischen Chianti und dem Pesa-Tal im Zeichen von Natur, Kultur, \u00d6nogastronomie und Vergn\u00fcgen zu verbringen.\" \/>\n<meta name=\"robots\" content=\"index, follow, max-snippet:-1, max-image-preview:large, max-video-preview:-1\" \/>\n<link rel=\"canonical\" href=\"https:\/\/www.lelavandehouse.com\/de\/die-region\/\" \/>\n<meta property=\"og:locale\" content=\"de_DE\" \/>\n<meta property=\"og:type\" content=\"article\" \/>\n<meta property=\"og:title\" content=\"Urlaub in Montespertoli. Zwischen Florenz, Chianti, Pesa-Tal und toskanischen D\u00f6rfern.\" \/>\n<meta property=\"og:description\" content=\"Entdecken Sie die Region von Montespertoli (Florenz), um Ihren Urlaub zwischen Chianti und dem Pesa-Tal im Zeichen von Natur, Kultur, \u00d6nogastronomie und Vergn\u00fcgen zu verbringen.\" \/>\n<meta property=\"og:url\" content=\"https:\/\/www.lelavandehouse.com\/de\/die-region\/\" \/>\n<meta property=\"og:site_name\" content=\"Le Lavande House\" \/>\n<meta property=\"article:modified_time\" content=\"2025-04-29T09:38:06+00:00\" \/>\n<meta property=\"og:image\" content=\"https:\/\/www.lelavandehouse.com\/wp-content\/uploads\/2018\/07\/slider_territorio.jpg\" \/>\n\t<meta property=\"og:image:width\" content=\"1920\" \/>\n\t<meta property=\"og:image:height\" content=\"617\" \/>\n\t<meta property=\"og:image:type\" content=\"image\/jpeg\" \/>\n<meta name=\"twitter:card\" content=\"summary_large_image\" \/>\n<script type=\"application\/ld+json\" class=\"yoast-schema-graph\">{\"@context\":\"https:\/\/schema.org\",\"@graph\":[{\"@type\":\"WebPage\",\"@id\":\"https:\/\/www.lelavandehouse.com\/de\/die-region\/\",\"url\":\"https:\/\/www.lelavandehouse.com\/de\/die-region\/\",\"name\":\"Urlaub in Montespertoli. Zwischen Florenz, Chianti, Pesa-Tal und toskanischen D\u00f6rfern.\",\"isPartOf\":{\"@id\":\"https:\/\/www.lelavandehouse.com\/#website\"},\"primaryImageOfPage\":{\"@id\":\"https:\/\/www.lelavandehouse.com\/de\/die-region\/#primaryimage\"},\"image\":{\"@id\":\"https:\/\/www.lelavandehouse.com\/de\/die-region\/#primaryimage\"},\"thumbnailUrl\":\"https:\/\/www.lelavandehouse.com\/wp-content\/uploads\/2018\/07\/slider_territorio.jpg\",\"datePublished\":\"2018-07-16T12:51:20+00:00\",\"dateModified\":\"2025-04-29T09:38:06+00:00\",\"description\":\"Entdecken Sie die Region von Montespertoli (Florenz), um Ihren Urlaub zwischen Chianti und dem Pesa-Tal im Zeichen von Natur, Kultur, \u00d6nogastronomie und Vergn\u00fcgen zu verbringen.\",\"breadcrumb\":{\"@id\":\"https:\/\/www.lelavandehouse.com\/de\/die-region\/#breadcrumb\"},\"inLanguage\":\"de\",\"potentialAction\":[{\"@type\":\"ReadAction\",\"target\":[\"https:\/\/www.lelavandehouse.com\/de\/die-region\/\"]}]},{\"@type\":\"ImageObject\",\"inLanguage\":\"de\",\"@id\":\"https:\/\/www.lelavandehouse.com\/de\/die-region\/#primaryimage\",\"url\":\"https:\/\/www.lelavandehouse.com\/wp-content\/uploads\/2018\/07\/slider_territorio.jpg\",\"contentUrl\":\"https:\/\/www.lelavandehouse.com\/wp-content\/uploads\/2018\/07\/slider_territorio.jpg\",\"width\":1920,\"height\":617},{\"@type\":\"BreadcrumbList\",\"@id\":\"https:\/\/www.lelavandehouse.com\/de\/die-region\/#breadcrumb\",\"itemListElement\":[{\"@type\":\"ListItem\",\"position\":1,\"name\":\"Home\",\"item\":\"https:\/\/www.lelavandehouse.com\/de\/homepage\/\"},{\"@type\":\"ListItem\",\"position\":2,\"name\":\"Die Region\"}]},{\"@type\":\"WebSite\",\"@id\":\"https:\/\/www.lelavandehouse.com\/#website\",\"url\":\"https:\/\/www.lelavandehouse.com\/\",\"name\":\"Le Lavande House\",\"description\":\"Un nuovo sito targato WordPress\",\"publisher\":{\"@id\":\"https:\/\/www.lelavandehouse.com\/#organization\"},\"potentialAction\":[{\"@type\":\"SearchAction\",\"target\":{\"@type\":\"EntryPoint\",\"urlTemplate\":\"https:\/\/www.lelavandehouse.com\/?s={search_term_string}\"},\"query-input\":{\"@type\":\"PropertyValueSpecification\",\"valueRequired\":true,\"valueName\":\"search_term_string\"}}],\"inLanguage\":\"de\"},{\"@type\":\"Organization\",\"@id\":\"https:\/\/www.lelavandehouse.com\/#organization\",\"name\":\"Le Lavande House\",\"url\":\"https:\/\/www.lelavandehouse.com\/\",\"logo\":{\"@type\":\"ImageObject\",\"inLanguage\":\"de\",\"@id\":\"https:\/\/www.lelavandehouse.com\/#\/schema\/logo\/image\/\",\"url\":\"https:\/\/www.lelavandehouse.com\/wp-content\/uploads\/2018\/07\/logo.png\",\"contentUrl\":\"https:\/\/www.lelavandehouse.com\/wp-content\/uploads\/2018\/07\/logo.png\",\"width\":267,\"height\":219,\"caption\":\"Le Lavande House\"},\"image\":{\"@id\":\"https:\/\/www.lelavandehouse.com\/#\/schema\/logo\/image\/\"}}]}<\/script>\n<!-- \/ Yoast SEO plugin. -->","yoast_head_json":{"title":"Urlaub in Montespertoli. Zwischen Florenz, Chianti, Pesa-Tal und toskanischen D\u00f6rfern.","description":"Entdecken Sie die Region von Montespertoli (Florenz), um Ihren Urlaub zwischen Chianti und dem Pesa-Tal im Zeichen von Natur, Kultur, \u00d6nogastronomie und Vergn\u00fcgen zu verbringen.","robots":{"index":"index","follow":"follow","max-snippet":"max-snippet:-1","max-image-preview":"max-image-preview:large","max-video-preview":"max-video-preview:-1"},"canonical":"https:\/\/www.lelavandehouse.com\/de\/die-region\/","og_locale":"de_DE","og_type":"article","og_title":"Urlaub in Montespertoli. Zwischen Florenz, Chianti, Pesa-Tal und toskanischen D\u00f6rfern.","og_description":"Entdecken Sie die Region von Montespertoli (Florenz), um Ihren Urlaub zwischen Chianti und dem Pesa-Tal im Zeichen von Natur, Kultur, \u00d6nogastronomie und Vergn\u00fcgen zu verbringen.","og_url":"https:\/\/www.lelavandehouse.com\/de\/die-region\/","og_site_name":"Le Lavande House","article_modified_time":"2025-04-29T09:38:06+00:00","og_image":[{"width":1920,"height":617,"url":"https:\/\/www.lelavandehouse.com\/wp-content\/uploads\/2018\/07\/slider_territorio.jpg","type":"image\/jpeg"}],"twitter_card":"summary_large_image","schema":{"@context":"https:\/\/schema.org","@graph":[{"@type":"WebPage","@id":"https:\/\/www.lelavandehouse.com\/de\/die-region\/","url":"https:\/\/www.lelavandehouse.com\/de\/die-region\/","name":"Urlaub in Montespertoli. Zwischen Florenz, Chianti, Pesa-Tal und toskanischen D\u00f6rfern.","isPartOf":{"@id":"https:\/\/www.lelavandehouse.com\/#website"},"primaryImageOfPage":{"@id":"https:\/\/www.lelavandehouse.com\/de\/die-region\/#primaryimage"},"image":{"@id":"https:\/\/www.lelavandehouse.com\/de\/die-region\/#primaryimage"},"thumbnailUrl":"https:\/\/www.lelavandehouse.com\/wp-content\/uploads\/2018\/07\/slider_territorio.jpg","datePublished":"2018-07-16T12:51:20+00:00","dateModified":"2025-04-29T09:38:06+00:00","description":"Entdecken Sie die Region von Montespertoli (Florenz), um Ihren Urlaub zwischen Chianti und dem Pesa-Tal im Zeichen von Natur, Kultur, \u00d6nogastronomie und Vergn\u00fcgen zu verbringen.","breadcrumb":{"@id":"https:\/\/www.lelavandehouse.com\/de\/die-region\/#breadcrumb"},"inLanguage":"de","potentialAction":[{"@type":"ReadAction","target":["https:\/\/www.lelavandehouse.com\/de\/die-region\/"]}]},{"@type":"ImageObject","inLanguage":"de","@id":"https:\/\/www.lelavandehouse.com\/de\/die-region\/#primaryimage","url":"https:\/\/www.lelavandehouse.com\/wp-content\/uploads\/2018\/07\/slider_territorio.jpg","contentUrl":"https:\/\/www.lelavandehouse.com\/wp-content\/uploads\/2018\/07\/slider_territorio.jpg","width":1920,"height":617},{"@type":"BreadcrumbList","@id":"https:\/\/www.lelavandehouse.com\/de\/die-region\/#breadcrumb","itemListElement":[{"@type":"ListItem","position":1,"name":"Home","item":"https:\/\/www.lelavandehouse.com\/de\/homepage\/"},{"@type":"ListItem","position":2,"name":"Die Region"}]},{"@type":"WebSite","@id":"https:\/\/www.lelavandehouse.com\/#website","url":"https:\/\/www.lelavandehouse.com\/","name":"Le Lavande House","description":"Un nuovo sito targato WordPress","publisher":{"@id":"https:\/\/www.lelavandehouse.com\/#organization"},"potentialAction":[{"@type":"SearchAction","target":{"@type":"EntryPoint","urlTemplate":"https:\/\/www.lelavandehouse.com\/?s={search_term_string}"},"query-input":{"@type":"PropertyValueSpecification","valueRequired":true,"valueName":"search_term_string"}}],"inLanguage":"de"},{"@type":"Organization","@id":"https:\/\/www.lelavandehouse.com\/#organization","name":"Le Lavande House","url":"https:\/\/www.lelavandehouse.com\/","logo":{"@type":"ImageObject","inLanguage":"de","@id":"https:\/\/www.lelavandehouse.com\/#\/schema\/logo\/image\/","url":"https:\/\/www.lelavandehouse.com\/wp-content\/uploads\/2018\/07\/logo.png","contentUrl":"https:\/\/www.lelavandehouse.com\/wp-content\/uploads\/2018\/07\/logo.png","width":267,"height":219,"caption":"Le Lavande House"},"image":{"@id":"https:\/\/www.lelavandehouse.com\/#\/schema\/logo\/image\/"}}]}},"_links":{"self":[{"href":"https:\/\/www.lelavandehouse.com\/de\/wp-json\/wp\/v2\/pages\/186","targetHints":{"allow":["GET"]}}],"collection":[{"href":"https:\/\/www.lelavandehouse.com\/de\/wp-json\/wp\/v2\/pages"}],"about":[{"href":"https:\/\/www.lelavandehouse.com\/de\/wp-json\/wp\/v2\/types\/page"}],"author":[{"embeddable":true,"href":"https:\/\/www.lelavandehouse.com\/de\/wp-json\/wp\/v2\/users\/1"}],"replies":[{"embeddable":true,"href":"https:\/\/www.lelavandehouse.com\/de\/wp-json\/wp\/v2\/comments?post=186"}],"version-history":[{"count":3,"href":"https:\/\/www.lelavandehouse.com\/de\/wp-json\/wp\/v2\/pages\/186\/revisions"}],"predecessor-version":[{"id":629,"href":"https:\/\/www.lelavandehouse.com\/de\/wp-json\/wp\/v2\/pages\/186\/revisions\/629"}],"wp:featuredmedia":[{"embeddable":true,"href":"https:\/\/www.lelavandehouse.com\/de\/wp-json\/wp\/v2\/media\/183"}],"wp:attachment":[{"href":"https:\/\/www.lelavandehouse.com\/de\/wp-json\/wp\/v2\/media?parent=186"}],"curies":[{"name":"wp","href":"https:\/\/api.w.org\/{rel}","templated":true}]}}