{"id":102,"date":"2018-07-16T14:51:05","date_gmt":"2018-07-16T12:51:05","guid":{"rendered":"http:\/\/lelavandehouse.com\/homepage\/"},"modified":"2025-04-29T11:38:06","modified_gmt":"2025-04-29T09:38:06","slug":"homepage","status":"publish","type":"page","link":"https:\/\/www.lelavandehouse.com\/de\/","title":{"rendered":"Homepage"},"content":{"rendered":"<h2>Willkommen bei <span class=\"amatic\">\u2019LE LAVANDE\u2019<\/span><\/h2>\n<h1 class=\"text-uppercase\">Ferienhaus in der Toskana, in Montespertoli (Florenz)<\/h1>\n<hr \/>\n<p><em>Inmitten der Landschaft des Chianti, wenige Kilometer von Florenz entfernt, ist Le Lavande der perfekte Ort f\u00fcr Ihren naturnahen Urlaub. Ideal f\u00fcr Paare, Familien, Freundesgruppen, aber auch f\u00fcr Personen, die in Begleitung ihrer Haustiere reisen.<\/em><\/p>\n<p>Unsere l\u00e4ndliche Ferienwohnung inmitten der Natur im Herzen der authentischsten Toskana ist aus einer alten Scheune entstanden, die heute vollst\u00e4ndig renoviert ist. Das Geb\u00e4ude wurde mit umweltfreundlicher Technik und Energiel\u00f6sungen komplett aus erneuerbaren Ressourcen gebaut, da wir mit Ihnen unsere Liebe zur Natur und unser t\u00e4gliches Engagement zum Umweltschutz teilen m\u00f6chten.<\/p>\n<p>Le Lavande liebt auch Tiere! Kleine und mittlere Vierbeiner sind herzlich willkommen. Wir befinden uns in Montespertoli, wenige Kilometer von Florenz entfernt, in einer Gegend, die reich an Geschichte, Kultur und gutem Essen ist und die sich in einer au\u00dfergew\u00f6hnlichen Landschaft des Pesa-Tals und des Chianti-Gebietes erstreckt.<\/p>\n","protected":false},"excerpt":{"rendered":"<p>Willkommen bei \u2019LE LAVANDE\u2019 Ferienhaus in der Toskana, in Montespertoli (Florenz) Inmitten der Landschaft des Chianti, wenige Kilometer von Florenz entfernt, ist Le Lavande der perfekte Ort f\u00fcr Ihren naturnahen Urlaub. Ideal f\u00fcr Paare, Familien, Freundesgruppen, aber auch f\u00fcr Personen, die in Begleitung ihrer Haustiere reisen. Unsere l\u00e4ndliche Ferienwohnung inmitten der Natur im Herzen der [&hellip;]<\/p>\n","protected":false},"author":1,"featured_media":0,"parent":0,"menu_order":0,"comment_status":"closed","ping_status":"closed","template":"templates-default\/tpl-front-page.php","meta":{"_exactmetrics_skip_tracking":false,"_exactmetrics_sitenote_active":false,"_exactmetrics_sitenote_note":"","_exactmetrics_sitenote_category":0,"footnotes":""},"class_list":["post-102","page","type-page","status-publish","hentry"],"yoast_head":"<!-- This site is optimized with the Yoast SEO plugin v25.0 - https:\/\/yoast.com\/wordpress\/plugins\/seo\/ -->\n<title>Le Lavande | Umweltfreundliches Ferienhaus in der Toskana | Montespertoli, Chianti<\/title>\n<meta name=\"description\" content=\"Willkommen in Le Lavande, dem rundrum umweltfreundlichen Ferienhaus in der Toskana. Wir erwarten Sie auf dem Land von Montespertoli, zwischen dem Chianti-Gebiet und dem Pesa-Tal in der N\u00e4he von Florenz\" \/>\n<meta name=\"robots\" content=\"index, follow, max-snippet:-1, max-image-preview:large, max-video-preview:-1\" \/>\n<link rel=\"canonical\" href=\"https:\/\/www.lelavandehouse.com\/de\/homepage\/\" \/>\n<meta property=\"og:locale\" content=\"de_DE\" \/>\n<meta property=\"og:type\" content=\"article\" \/>\n<meta property=\"og:title\" content=\"Le Lavande | Umweltfreundliches Ferienhaus in der Toskana | Montespertoli, Chianti\" \/>\n<meta property=\"og:description\" content=\"Willkommen in Le Lavande, dem rundrum umweltfreundlichen Ferienhaus in der Toskana. Wir erwarten Sie auf dem Land von Montespertoli, zwischen dem Chianti-Gebiet und dem Pesa-Tal in der N\u00e4he von Florenz\" \/>\n<meta property=\"og:url\" content=\"https:\/\/www.lelavandehouse.com\/de\/homepage\/\" \/>\n<meta property=\"og:site_name\" content=\"Le Lavande House\" \/>\n<meta property=\"article:modified_time\" content=\"2025-04-29T09:38:06+00:00\" \/>\n<meta name=\"twitter:card\" content=\"summary_large_image\" \/>\n<meta name=\"twitter:label1\" content=\"Gesch\u00e4tzte Lesezeit\" \/>\n\t<meta name=\"twitter:data1\" content=\"1\u00a0Minute\" \/>\n<script type=\"application\/ld+json\" class=\"yoast-schema-graph\">{\"@context\":\"https:\/\/schema.org\",\"@graph\":[{\"@type\":\"WebPage\",\"@id\":\"https:\/\/www.lelavandehouse.com\/de\/homepage\/\",\"url\":\"https:\/\/www.lelavandehouse.com\/de\/homepage\/\",\"name\":\"Le Lavande | Umweltfreundliches Ferienhaus in der Toskana | Montespertoli, Chianti\",\"isPartOf\":{\"@id\":\"https:\/\/www.lelavandehouse.com\/#website\"},\"datePublished\":\"2018-07-16T12:51:05+00:00\",\"dateModified\":\"2025-04-29T09:38:06+00:00\",\"description\":\"Willkommen in Le Lavande, dem rundrum umweltfreundlichen Ferienhaus in der Toskana. Wir erwarten Sie auf dem Land von Montespertoli, zwischen dem Chianti-Gebiet und dem Pesa-Tal in der N\u00e4he von Florenz\",\"breadcrumb\":{\"@id\":\"https:\/\/www.lelavandehouse.com\/de\/homepage\/#breadcrumb\"},\"inLanguage\":\"de\",\"potentialAction\":[{\"@type\":\"ReadAction\",\"target\":[\"https:\/\/www.lelavandehouse.com\/de\/homepage\/\"]}]},{\"@type\":\"BreadcrumbList\",\"@id\":\"https:\/\/www.lelavandehouse.com\/de\/homepage\/#breadcrumb\",\"itemListElement\":[{\"@type\":\"ListItem\",\"position\":1,\"name\":\"Home\",\"item\":\"https:\/\/www.lelavandehouse.com\/de\/homepage\/\"},{\"@type\":\"ListItem\",\"position\":2,\"name\":\"Homepage\"}]},{\"@type\":\"WebSite\",\"@id\":\"https:\/\/www.lelavandehouse.com\/#website\",\"url\":\"https:\/\/www.lelavandehouse.com\/\",\"name\":\"Le Lavande House\",\"description\":\"Un nuovo sito targato WordPress\",\"publisher\":{\"@id\":\"https:\/\/www.lelavandehouse.com\/#organization\"},\"potentialAction\":[{\"@type\":\"SearchAction\",\"target\":{\"@type\":\"EntryPoint\",\"urlTemplate\":\"https:\/\/www.lelavandehouse.com\/?s={search_term_string}\"},\"query-input\":{\"@type\":\"PropertyValueSpecification\",\"valueRequired\":true,\"valueName\":\"search_term_string\"}}],\"inLanguage\":\"de\"},{\"@type\":\"Organization\",\"@id\":\"https:\/\/www.lelavandehouse.com\/#organization\",\"name\":\"Le Lavande House\",\"url\":\"https:\/\/www.lelavandehouse.com\/\",\"logo\":{\"@type\":\"ImageObject\",\"inLanguage\":\"de\",\"@id\":\"https:\/\/www.lelavandehouse.com\/#\/schema\/logo\/image\/\",\"url\":\"https:\/\/www.lelavandehouse.com\/wp-content\/uploads\/2018\/07\/logo.png\",\"contentUrl\":\"https:\/\/www.lelavandehouse.com\/wp-content\/uploads\/2018\/07\/logo.png\",\"width\":267,\"height\":219,\"caption\":\"Le Lavande House\"},\"image\":{\"@id\":\"https:\/\/www.lelavandehouse.com\/#\/schema\/logo\/image\/\"}}]}<\/script>\n<!-- \/ Yoast SEO plugin. -->","yoast_head_json":{"title":"Le Lavande | Umweltfreundliches Ferienhaus in der Toskana | Montespertoli, Chianti","description":"Willkommen in Le Lavande, dem rundrum umweltfreundlichen Ferienhaus in der Toskana. Wir erwarten Sie auf dem Land von Montespertoli, zwischen dem Chianti-Gebiet und dem Pesa-Tal in der N\u00e4he von Florenz","robots":{"index":"index","follow":"follow","max-snippet":"max-snippet:-1","max-image-preview":"max-image-preview:large","max-video-preview":"max-video-preview:-1"},"canonical":"https:\/\/www.lelavandehouse.com\/de\/homepage\/","og_locale":"de_DE","og_type":"article","og_title":"Le Lavande | Umweltfreundliches Ferienhaus in der Toskana | Montespertoli, Chianti","og_description":"Willkommen in Le Lavande, dem rundrum umweltfreundlichen Ferienhaus in der Toskana. Wir erwarten Sie auf dem Land von Montespertoli, zwischen dem Chianti-Gebiet und dem Pesa-Tal in der N\u00e4he von Florenz","og_url":"https:\/\/www.lelavandehouse.com\/de\/homepage\/","og_site_name":"Le Lavande House","article_modified_time":"2025-04-29T09:38:06+00:00","twitter_card":"summary_large_image","twitter_misc":{"Gesch\u00e4tzte Lesezeit":"1\u00a0Minute"},"schema":{"@context":"https:\/\/schema.org","@graph":[{"@type":"WebPage","@id":"https:\/\/www.lelavandehouse.com\/de\/homepage\/","url":"https:\/\/www.lelavandehouse.com\/de\/homepage\/","name":"Le Lavande | Umweltfreundliches Ferienhaus in der Toskana | Montespertoli, Chianti","isPartOf":{"@id":"https:\/\/www.lelavandehouse.com\/#website"},"datePublished":"2018-07-16T12:51:05+00:00","dateModified":"2025-04-29T09:38:06+00:00","description":"Willkommen in Le Lavande, dem rundrum umweltfreundlichen Ferienhaus in der Toskana. Wir erwarten Sie auf dem Land von Montespertoli, zwischen dem Chianti-Gebiet und dem Pesa-Tal in der N\u00e4he von Florenz","breadcrumb":{"@id":"https:\/\/www.lelavandehouse.com\/de\/homepage\/#breadcrumb"},"inLanguage":"de","potentialAction":[{"@type":"ReadAction","target":["https:\/\/www.lelavandehouse.com\/de\/homepage\/"]}]},{"@type":"BreadcrumbList","@id":"https:\/\/www.lelavandehouse.com\/de\/homepage\/#breadcrumb","itemListElement":[{"@type":"ListItem","position":1,"name":"Home","item":"https:\/\/www.lelavandehouse.com\/de\/homepage\/"},{"@type":"ListItem","position":2,"name":"Homepage"}]},{"@type":"WebSite","@id":"https:\/\/www.lelavandehouse.com\/#website","url":"https:\/\/www.lelavandehouse.com\/","name":"Le Lavande House","description":"Un nuovo sito targato WordPress","publisher":{"@id":"https:\/\/www.lelavandehouse.com\/#organization"},"potentialAction":[{"@type":"SearchAction","target":{"@type":"EntryPoint","urlTemplate":"https:\/\/www.lelavandehouse.com\/?s={search_term_string}"},"query-input":{"@type":"PropertyValueSpecification","valueRequired":true,"valueName":"search_term_string"}}],"inLanguage":"de"},{"@type":"Organization","@id":"https:\/\/www.lelavandehouse.com\/#organization","name":"Le Lavande House","url":"https:\/\/www.lelavandehouse.com\/","logo":{"@type":"ImageObject","inLanguage":"de","@id":"https:\/\/www.lelavandehouse.com\/#\/schema\/logo\/image\/","url":"https:\/\/www.lelavandehouse.com\/wp-content\/uploads\/2018\/07\/logo.png","contentUrl":"https:\/\/www.lelavandehouse.com\/wp-content\/uploads\/2018\/07\/logo.png","width":267,"height":219,"caption":"Le Lavande House"},"image":{"@id":"https:\/\/www.lelavandehouse.com\/#\/schema\/logo\/image\/"}}]}},"_links":{"self":[{"href":"https:\/\/www.lelavandehouse.com\/de\/wp-json\/wp\/v2\/pages\/102","targetHints":{"allow":["GET"]}}],"collection":[{"href":"https:\/\/www.lelavandehouse.com\/de\/wp-json\/wp\/v2\/pages"}],"about":[{"href":"https:\/\/www.lelavandehouse.com\/de\/wp-json\/wp\/v2\/types\/page"}],"author":[{"embeddable":true,"href":"https:\/\/www.lelavandehouse.com\/de\/wp-json\/wp\/v2\/users\/1"}],"replies":[{"embeddable":true,"href":"https:\/\/www.lelavandehouse.com\/de\/wp-json\/wp\/v2\/comments?post=102"}],"version-history":[{"count":8,"href":"https:\/\/www.lelavandehouse.com\/de\/wp-json\/wp\/v2\/pages\/102\/revisions"}],"predecessor-version":[{"id":340,"href":"https:\/\/www.lelavandehouse.com\/de\/wp-json\/wp\/v2\/pages\/102\/revisions\/340"}],"wp:attachment":[{"href":"https:\/\/www.lelavandehouse.com\/de\/wp-json\/wp\/v2\/media?parent=102"}],"curies":[{"name":"wp","href":"https:\/\/api.w.org\/{rel}","templated":true}]}}